{"id":1092,"date":"2024-02-26T08:21:18","date_gmt":"2024-02-26T08:21:18","guid":{"rendered":"https:\/\/trimagusjudose.hu\/?page_id=1092"},"modified":"2025-05-20T08:44:05","modified_gmt":"2025-05-20T08:44:05","slug":"stehl-gabor","status":"publish","type":"page","link":"https:\/\/trimagusjudose.hu\/?page_id=1092","title":{"rendered":"St\u00e9hl G\u00e1bor"},"content":{"rendered":"\t\t<div data-elementor-type=\"wp-page\" data-elementor-id=\"1092\" class=\"elementor elementor-1092\">\n\t\t\t\t\t\t<section class=\"elementor-section elementor-top-section elementor-element elementor-element-ea2e9ff elementor-section-boxed elementor-section-height-default elementor-section-height-default\" data-id=\"ea2e9ff\" data-element_type=\"section\">\n\t\t\t\t\t\t<div class=\"elementor-container elementor-column-gap-default\">\n\t\t\t\t\t<div class=\"elementor-column elementor-col-100 elementor-top-column elementor-element elementor-element-89a6b4c\" data-id=\"89a6b4c\" data-element_type=\"column\">\n\t\t\t<div class=\"elementor-widget-wrap elementor-element-populated\">\n\t\t\t\t\t\t<div class=\"elementor-element elementor-element-2058f01 elementor-widget elementor-widget-spacer\" data-id=\"2058f01\" data-element_type=\"widget\" data-widget_type=\"spacer.default\">\n\t\t\t\t<div class=\"elementor-widget-container\">\n\t\t\t\t\t\t\t<div class=\"elementor-spacer\">\n\t\t\t<div class=\"elementor-spacer-inner\"><\/div>\n\t\t<\/div>\n\t\t\t\t\t\t<\/div>\n\t\t\t\t<\/div>\n\t\t\t\t\t<\/div>\n\t\t<\/div>\n\t\t\t\t\t<\/div>\n\t\t<\/section>\n\t\t\t\t<section class=\"elementor-section elementor-top-section elementor-element elementor-element-f74b8c2 elementor-section-boxed elementor-section-height-default elementor-section-height-default\" data-id=\"f74b8c2\" data-element_type=\"section\">\n\t\t\t\t\t\t<div class=\"elementor-container elementor-column-gap-default\">\n\t\t\t\t\t<div class=\"elementor-column elementor-col-100 elementor-top-column elementor-element elementor-element-cd2dc8b\" data-id=\"cd2dc8b\" data-element_type=\"column\">\n\t\t\t<div class=\"elementor-widget-wrap elementor-element-populated\">\n\t\t\t\t\t\t<div class=\"elementor-element elementor-element-9b4dc4e elementor-widget elementor-widget-heading\" data-id=\"9b4dc4e\" data-element_type=\"widget\" data-widget_type=\"heading.default\">\n\t\t\t\t<div class=\"elementor-widget-container\">\n\t\t\t\t\t<h2 class=\"elementor-heading-title elementor-size-default\">St\u00e9hl G\u00e1bor<\/h2>\t\t\t\t<\/div>\n\t\t\t\t<\/div>\n\t\t\t\t\t<\/div>\n\t\t<\/div>\n\t\t\t\t\t<\/div>\n\t\t<\/section>\n\t\t\t\t<section class=\"elementor-section elementor-top-section elementor-element elementor-element-9c05fc1 elementor-section-boxed elementor-section-height-default elementor-section-height-default\" data-id=\"9c05fc1\" data-element_type=\"section\">\n\t\t\t\t\t\t<div class=\"elementor-container elementor-column-gap-default\">\n\t\t\t\t\t<div class=\"elementor-column elementor-col-100 elementor-top-column elementor-element elementor-element-8a5a55e\" data-id=\"8a5a55e\" data-element_type=\"column\">\n\t\t\t<div class=\"elementor-widget-wrap elementor-element-populated\">\n\t\t\t\t\t\t<div class=\"elementor-element elementor-element-f20a59f elementor-widget elementor-widget-spacer\" data-id=\"f20a59f\" data-element_type=\"widget\" data-widget_type=\"spacer.default\">\n\t\t\t\t<div class=\"elementor-widget-container\">\n\t\t\t\t\t\t\t<div class=\"elementor-spacer\">\n\t\t\t<div class=\"elementor-spacer-inner\"><\/div>\n\t\t<\/div>\n\t\t\t\t\t\t<\/div>\n\t\t\t\t<\/div>\n\t\t\t\t\t<\/div>\n\t\t<\/div>\n\t\t\t\t\t<\/div>\n\t\t<\/section>\n\t\t\t\t<section class=\"elementor-section elementor-top-section elementor-element elementor-element-edb506c elementor-section-boxed elementor-section-height-default elementor-section-height-default\" data-id=\"edb506c\" data-element_type=\"section\">\n\t\t\t\t\t\t<div class=\"elementor-container elementor-column-gap-default\">\n\t\t\t\t\t<div class=\"elementor-column elementor-col-100 elementor-top-column elementor-element elementor-element-1f4d9e0\" data-id=\"1f4d9e0\" data-element_type=\"column\">\n\t\t\t<div class=\"elementor-widget-wrap elementor-element-populated\">\n\t\t\t\t\t\t<section class=\"elementor-section elementor-inner-section elementor-element elementor-element-5960d8e elementor-section-height-min-height elementor-section-content-middle elementor-section-boxed elementor-section-height-default\" data-id=\"5960d8e\" data-element_type=\"section\">\n\t\t\t\t\t\t<div class=\"elementor-container elementor-column-gap-default\">\n\t\t\t\t\t<div class=\"elementor-column elementor-col-100 elementor-inner-column elementor-element elementor-element-0cc9ebf\" data-id=\"0cc9ebf\" data-element_type=\"column\" data-settings=\"{&quot;background_background&quot;:&quot;slideshow&quot;,&quot;background_slideshow_gallery&quot;:[{&quot;id&quot;:1206,&quot;url&quot;:&quot;https:\\\/\\\/trimagusjudose.hu\\\/wp-content\\\/uploads\\\/2024\\\/02\\\/IMG_20230726_230750-scaled.jpg&quot;},{&quot;id&quot;:1263,&quot;url&quot;:&quot;https:\\\/\\\/trimagusjudose.hu\\\/wp-content\\\/uploads\\\/2024\\\/02\\\/stehli.jpg&quot;},{&quot;id&quot;:1086,&quot;url&quot;:&quot;https:\\\/\\\/trimagusjudose.hu\\\/wp-content\\\/uploads\\\/2024\\\/02\\\/20210803_115255-scaled-e1627993158206-1640x2048-1.jpg&quot;},{&quot;id&quot;:1087,&quot;url&quot;:&quot;https:\\\/\\\/trimagusjudose.hu\\\/wp-content\\\/uploads\\\/2024\\\/02\\\/84491994_733715453702546_127104484768743424_n.jpg&quot;}],&quot;background_slideshow_slide_duration&quot;:3000,&quot;background_slideshow_loop&quot;:&quot;yes&quot;,&quot;background_slideshow_slide_transition&quot;:&quot;fade&quot;,&quot;background_slideshow_transition_duration&quot;:500}\">\n\t\t\t<div class=\"elementor-widget-wrap\">\n\t\t\t\t\t\t\t<\/div>\n\t\t<\/div>\n\t\t\t\t\t<\/div>\n\t\t<\/section>\n\t\t\t\t\t<\/div>\n\t\t<\/div>\n\t\t\t\t\t<\/div>\n\t\t<\/section>\n\t\t\t\t<section class=\"elementor-section elementor-top-section elementor-element elementor-element-8eac870 elementor-section-boxed elementor-section-height-default elementor-section-height-default\" data-id=\"8eac870\" data-element_type=\"section\">\n\t\t\t\t\t\t<div class=\"elementor-container elementor-column-gap-default\">\n\t\t\t\t\t<div class=\"elementor-column elementor-col-100 elementor-top-column elementor-element elementor-element-70285fe\" data-id=\"70285fe\" data-element_type=\"column\">\n\t\t\t<div class=\"elementor-widget-wrap elementor-element-populated\">\n\t\t\t\t\t\t<div class=\"elementor-element elementor-element-1979e62 elementor-widget elementor-widget-spacer\" data-id=\"1979e62\" data-element_type=\"widget\" data-widget_type=\"spacer.default\">\n\t\t\t\t<div class=\"elementor-widget-container\">\n\t\t\t\t\t\t\t<div class=\"elementor-spacer\">\n\t\t\t<div class=\"elementor-spacer-inner\"><\/div>\n\t\t<\/div>\n\t\t\t\t\t\t<\/div>\n\t\t\t\t<\/div>\n\t\t\t\t\t<\/div>\n\t\t<\/div>\n\t\t\t\t\t<\/div>\n\t\t<\/section>\n\t\t\t\t<section class=\"elementor-section elementor-top-section elementor-element elementor-element-d31b1f3 elementor-section-boxed elementor-section-height-default elementor-section-height-default\" data-id=\"d31b1f3\" data-element_type=\"section\">\n\t\t\t\t\t\t<div class=\"elementor-container elementor-column-gap-default\">\n\t\t\t\t\t<div class=\"elementor-column elementor-col-100 elementor-top-column elementor-element elementor-element-628c26c\" data-id=\"628c26c\" data-element_type=\"column\">\n\t\t\t<div class=\"elementor-widget-wrap elementor-element-populated\">\n\t\t\t\t\t\t<section class=\"elementor-section elementor-inner-section elementor-element elementor-element-7a75505 elementor-section-boxed elementor-section-height-default elementor-section-height-default\" data-id=\"7a75505\" data-element_type=\"section\">\n\t\t\t\t\t\t<div class=\"elementor-container elementor-column-gap-default\">\n\t\t\t\t\t<div class=\"elementor-column elementor-col-100 elementor-inner-column elementor-element elementor-element-f68031e\" data-id=\"f68031e\" data-element_type=\"column\">\n\t\t\t<div class=\"elementor-widget-wrap elementor-element-populated\">\n\t\t\t\t\t\t<div class=\"elementor-element elementor-element-4a3c685 elementor-view-default elementor-widget elementor-widget-icon\" data-id=\"4a3c685\" data-element_type=\"widget\" data-widget_type=\"icon.default\">\n\t\t\t\t<div class=\"elementor-widget-container\">\n\t\t\t\t\t\t\t<div class=\"elementor-icon-wrapper\">\n\t\t\t<div class=\"elementor-icon\">\n\t\t\t<i aria-hidden=\"true\" class=\"fas fa-user-graduate\"><\/i>\t\t\t<\/div>\n\t\t<\/div>\n\t\t\t\t\t\t<\/div>\n\t\t\t\t<\/div>\n\t\t\t\t<div class=\"elementor-element elementor-element-48064bf elementor-widget elementor-widget-text-editor\" data-id=\"48064bf\" data-element_type=\"widget\" data-widget_type=\"text-editor.default\">\n\t\t\t\t<div class=\"elementor-widget-container\">\n\t\t\t\t\t\t\t\t\t<p>V\u00e9gzetts\u00e9g<\/p>\t\t\t\t\t\t\t\t<\/div>\n\t\t\t\t<\/div>\n\t\t\t\t<div class=\"elementor-element elementor-element-e520e3c elementor-widget elementor-widget-text-editor\" data-id=\"e520e3c\" data-element_type=\"widget\" data-widget_type=\"text-editor.default\">\n\t\t\t\t<div class=\"elementor-widget-container\">\n\t\t\t\t\t\t\t\t\t<p><span style=\"vertical-align: inherit;\"><span style=\"vertical-align: inherit;\">testnevel\u0151 &#8211; edz\u0151, Szegedi Tudom\u00e1nyegyetem Juh\u00e1sz Gyula PKK 2012<\/span><\/span><\/p><p><span style=\"vertical-align: inherit;\"><span style=\"vertical-align: inherit;\">okleveles szem\u00e9lyi edz\u0151<\/span><\/span><\/p><p>I. Dan fokozat, 2001<\/p>\t\t\t\t\t\t\t\t<\/div>\n\t\t\t\t<\/div>\n\t\t\t\t\t<\/div>\n\t\t<\/div>\n\t\t\t\t\t<\/div>\n\t\t<\/section>\n\t\t\t\t\t<\/div>\n\t\t<\/div>\n\t\t\t\t\t<\/div>\n\t\t<\/section>\n\t\t\t\t<section class=\"elementor-section elementor-top-section elementor-element elementor-element-40dcc13 elementor-section-boxed elementor-section-height-default elementor-section-height-default\" data-id=\"40dcc13\" data-element_type=\"section\">\n\t\t\t\t\t\t<div class=\"elementor-container elementor-column-gap-default\">\n\t\t\t\t\t<div class=\"elementor-column elementor-col-100 elementor-top-column elementor-element elementor-element-37de852\" data-id=\"37de852\" data-element_type=\"column\">\n\t\t\t<div class=\"elementor-widget-wrap elementor-element-populated\">\n\t\t\t\t\t\t<section class=\"elementor-section elementor-inner-section elementor-element elementor-element-6e10ace elementor-section-boxed elementor-section-height-default elementor-section-height-default\" data-id=\"6e10ace\" data-element_type=\"section\">\n\t\t\t\t\t\t<div class=\"elementor-container elementor-column-gap-default\">\n\t\t\t\t\t<div class=\"elementor-column elementor-col-100 elementor-inner-column elementor-element elementor-element-c45b244\" data-id=\"c45b244\" data-element_type=\"column\">\n\t\t\t<div class=\"elementor-widget-wrap elementor-element-populated\">\n\t\t\t\t\t\t<div class=\"elementor-element elementor-element-659b8e5 elementor-view-default elementor-widget elementor-widget-icon\" data-id=\"659b8e5\" data-element_type=\"widget\" data-widget_type=\"icon.default\">\n\t\t\t\t<div class=\"elementor-widget-container\">\n\t\t\t\t\t\t\t<div class=\"elementor-icon-wrapper\">\n\t\t\t<div class=\"elementor-icon\">\n\t\t\t<i aria-hidden=\"true\" class=\"fas fa-shoe-prints\"><\/i>\t\t\t<\/div>\n\t\t<\/div>\n\t\t\t\t\t\t<\/div>\n\t\t\t\t<\/div>\n\t\t\t\t<div class=\"elementor-element elementor-element-b6e5a36 elementor-widget elementor-widget-text-editor\" data-id=\"b6e5a36\" data-element_type=\"widget\" data-widget_type=\"text-editor.default\">\n\t\t\t\t<div class=\"elementor-widget-container\">\n\t\t\t\t\t\t\t\t\t<p>Szakmai \u00fat<\/p>\t\t\t\t\t\t\t\t<\/div>\n\t\t\t\t<\/div>\n\t\t\t\t<div class=\"elementor-element elementor-element-42cc331 elementor-widget elementor-widget-text-editor\" data-id=\"42cc331\" data-element_type=\"widget\" data-widget_type=\"text-editor.default\">\n\t\t\t\t<div class=\"elementor-widget-container\">\n\t\t\t\t\t\t\t\t\t<p>Veresegyh\u00e1zi K\u00fczd\u0151sport Egyes\u00fclet &#8211; alap\u00edt\u00f3 tag 2005-2007<\/p><p>\u00a0Gyermekek Szem\u00e9lyis\u00e9g Fejleszt\u00e9se a Judo Speci\u00e1lis Nevel\u00e9si \u00e9s Oktat\u00e1si Elemeivel \u00d3bud\u00e1n \u00e9s K\u00f6rny\u00e9k\u00e9n Program jud\u00f3tan\u00e1ra 2010-2011<\/p><p>Andor Ilona \u00c1ltal\u00e1nos Iskola testnevel\u0151 tan\u00e1r 2014-t\u0151l\u00a0<\/p><p>\u00d3budai Judo Club, judo alap\u00fa testnevel\u0151 tan\u00e1ra 2015-t\u0151l\u00a0<\/p>\t\t\t\t\t\t\t\t<\/div>\n\t\t\t\t<\/div>\n\t\t\t\t\t<\/div>\n\t\t<\/div>\n\t\t\t\t\t<\/div>\n\t\t<\/section>\n\t\t\t\t\t<\/div>\n\t\t<\/div>\n\t\t\t\t\t<\/div>\n\t\t<\/section>\n\t\t\t\t<section class=\"elementor-section elementor-top-section elementor-element elementor-element-f91d4c6 elementor-section-boxed elementor-section-height-default elementor-section-height-default\" data-id=\"f91d4c6\" data-element_type=\"section\">\n\t\t\t\t\t\t<div class=\"elementor-container elementor-column-gap-default\">\n\t\t\t\t\t<div class=\"elementor-column elementor-col-100 elementor-top-column elementor-element elementor-element-695288f\" data-id=\"695288f\" data-element_type=\"column\">\n\t\t\t<div class=\"elementor-widget-wrap elementor-element-populated\">\n\t\t\t\t\t\t<section class=\"elementor-section elementor-inner-section elementor-element elementor-element-7cc8386 elementor-section-boxed elementor-section-height-default elementor-section-height-default\" data-id=\"7cc8386\" data-element_type=\"section\">\n\t\t\t\t\t\t<div class=\"elementor-container elementor-column-gap-default\">\n\t\t\t\t\t<div class=\"elementor-column elementor-col-100 elementor-inner-column elementor-element elementor-element-a2287c4\" data-id=\"a2287c4\" data-element_type=\"column\">\n\t\t\t<div class=\"elementor-widget-wrap elementor-element-populated\">\n\t\t\t\t\t\t<div class=\"elementor-element elementor-element-6d01a2d elementor-view-default elementor-widget elementor-widget-icon\" data-id=\"6d01a2d\" data-element_type=\"widget\" data-widget_type=\"icon.default\">\n\t\t\t\t<div class=\"elementor-widget-container\">\n\t\t\t\t\t\t\t<div class=\"elementor-icon-wrapper\">\n\t\t\t<div class=\"elementor-icon\">\n\t\t\t<i aria-hidden=\"true\" class=\"fas fa-trophy\"><\/i>\t\t\t<\/div>\n\t\t<\/div>\n\t\t\t\t\t\t<\/div>\n\t\t\t\t<\/div>\n\t\t\t\t<div class=\"elementor-element elementor-element-4e605d4 elementor-widget elementor-widget-text-editor\" data-id=\"4e605d4\" data-element_type=\"widget\" data-widget_type=\"text-editor.default\">\n\t\t\t\t<div class=\"elementor-widget-container\">\n\t\t\t\t\t\t\t\t\t<p>Versenyeredm\u00e9nyek<\/p>\t\t\t\t\t\t\t\t<\/div>\n\t\t\t\t<\/div>\n\t\t\t\t<div class=\"elementor-element elementor-element-54be80a elementor-widget elementor-widget-text-editor\" data-id=\"54be80a\" data-element_type=\"widget\" data-widget_type=\"text-editor.default\">\n\t\t\t\t<div class=\"elementor-widget-container\">\n\t\t\t\t\t\t\t\t\t<p>Ifj\u00fas\u00e1gi vil\u00e1gkupa V. hely Gy\u0151r, 1998\u00a0<span style=\"color: var( --e-global-color-text ); background-color: var( --e-global-color-262934a ); font-size: 1rem;\">\ud83d\udcc3<\/span><\/p><p>Junior CSB I. hely Budapest, 2000 \ud83e\udd47<\/p><p>Junior European Cup V. hely Cetniewo, 2000; Paks, 2001; Jicin, 2002 \ud83d\udcc3<span style=\"color: var( --e-global-color-text ); background-color: var( --e-global-color-262934a ); font-size: 1rem;\">\ud83d\udcc3<\/span><span style=\"color: var( --e-global-color-text ); background-color: var( --e-global-color-262934a ); font-size: 1rem;\">\ud83d\udcc3<\/span><\/p><p>Magyar Judo Liga (csapatverseny) II. hely, 2002 \ud83e\udd48<\/p><p>U23 Magyar Bajnoks\u00e1g I. hely\u00a0 Miskolc, 2002\u00a0<span style=\"color: var( --e-global-color-text ); background-color: var( --e-global-color-262934a ); font-size: 1rem;\">\ud83e\udd47<\/span><\/p><p>European Masters Championship VII. hely Balatonf\u00fcred, 2015\u00a0<span style=\"color: var( --e-global-color-text ); background-color: var( --e-global-color-262934a ); font-size: 1rem;\">\ud83d\udcc3<\/span><\/p><p>Hungarian Masters Open I. hely Gy\u0151r, 2021 \u00e9s 2022\u00a0<span style=\"color: var( --e-global-color-text ); background-color: var( --e-global-color-262934a ); font-size: 1rem;\">\ud83e\udd47<\/span><span style=\"color: var( --e-global-color-text ); background-color: var( --e-global-color-262934a ); font-size: 1rem;\">\ud83e\udd47<\/span><\/p>\t\t\t\t\t\t\t\t<\/div>\n\t\t\t\t<\/div>\n\t\t\t\t\t<\/div>\n\t\t<\/div>\n\t\t\t\t\t<\/div>\n\t\t<\/section>\n\t\t\t\t\t<\/div>\n\t\t<\/div>\n\t\t\t\t\t<\/div>\n\t\t<\/section>\n\t\t\t\t<section class=\"elementor-section elementor-top-section elementor-element elementor-element-04608cd elementor-section-boxed elementor-section-height-default elementor-section-height-default\" data-id=\"04608cd\" data-element_type=\"section\">\n\t\t\t\t\t\t<div class=\"elementor-container elementor-column-gap-default\">\n\t\t\t\t\t<div class=\"elementor-column elementor-col-100 elementor-top-column elementor-element elementor-element-91a83f4\" data-id=\"91a83f4\" data-element_type=\"column\">\n\t\t\t<div class=\"elementor-widget-wrap elementor-element-populated\">\n\t\t\t\t\t\t<section class=\"elementor-section elementor-inner-section elementor-element elementor-element-7c7c490 elementor-section-boxed elementor-section-height-default elementor-section-height-default\" data-id=\"7c7c490\" data-element_type=\"section\">\n\t\t\t\t\t\t<div class=\"elementor-container elementor-column-gap-default\">\n\t\t\t\t\t<div class=\"elementor-column elementor-col-100 elementor-inner-column elementor-element elementor-element-66b77a8\" data-id=\"66b77a8\" data-element_type=\"column\">\n\t\t\t<div class=\"elementor-widget-wrap elementor-element-populated\">\n\t\t\t\t\t\t<div class=\"elementor-element elementor-element-51e8ff3 elementor-view-default elementor-widget elementor-widget-icon\" data-id=\"51e8ff3\" data-element_type=\"widget\" data-widget_type=\"icon.default\">\n\t\t\t\t<div class=\"elementor-widget-container\">\n\t\t\t\t\t\t\t<div class=\"elementor-icon-wrapper\">\n\t\t\t<div class=\"elementor-icon\">\n\t\t\t<i aria-hidden=\"true\" class=\"fas fa-beer\"><\/i>\t\t\t<\/div>\n\t\t<\/div>\n\t\t\t\t\t\t<\/div>\n\t\t\t\t<\/div>\n\t\t\t\t<div class=\"elementor-element elementor-element-261180e elementor-widget elementor-widget-text-editor\" data-id=\"261180e\" data-element_type=\"widget\" data-widget_type=\"text-editor.default\">\n\t\t\t\t<div class=\"elementor-widget-container\">\n\t\t\t\t\t\t\t\t\t<p>Tan\u00edtv\u00e1nyaim legnagyobb sikerei<\/p>\t\t\t\t\t\t\t\t<\/div>\n\t\t\t\t<\/div>\n\t\t\t\t<div class=\"elementor-element elementor-element-aff1c6e elementor-widget elementor-widget-text-editor\" data-id=\"aff1c6e\" data-element_type=\"widget\" data-widget_type=\"text-editor.default\">\n\t\t\t\t<div class=\"elementor-widget-container\">\n\t\t\t\t\t\t\t\t\t<p>Vincze G\u00e1bor, IBSA EB. III. hely Eger, 2013 \ud83e\udd49<\/p><p>D\u00e1n Gy\u00f6rgy, Serd\u00fcl\u0151 Magyar Bajnoks\u00e1g I. hely Baja, 2016\u00a0<span style=\"color: var( --e-global-color-text ); background-color: var( --e-global-color-262934a ); font-size: 1rem;\">\ud83e\udd47<\/span><\/p><p>Barczikay \u00c1kos, Cadet European Cup III. hely Koper, 2018 <span style=\"color: var( --e-global-color-text ); background-color: var( --e-global-color-262934a ); font-size: 1rem;\">\ud83e\udd49<\/span><\/p><p>U18 Magyar Bajnoks\u00e1g I. hely Sikl\u00f3s, 2019 <span style=\"color: var( --e-global-color-text ); background-color: var( --e-global-color-262934a ); font-size: 1rem;\">\ud83e\udd47<\/span><\/p><p>2021; Junior European Cup II. hely Pr\u00e1ga, 2019; Szarajev\u00f3, 2019.\u00a0<span style=\"color: var( --e-global-color-text ); background-color: var( --e-global-color-262934a ); font-size: 1rem;\">\ud83e\udd48<\/span><span style=\"color: var( --e-global-color-text ); background-color: var( --e-global-color-262934a ); font-size: 1rem;\">\ud83e\udd48<\/span><\/p><p>Varga D\u00e1vid, Hungarian Masters Open I. hely Gy\u0151r, 2021\u00a0<span style=\"color: var( --e-global-color-text ); background-color: var( --e-global-color-262934a ); font-size: 1rem;\">\ud83e\udd47<\/span><\/p><p>Holup Marcell,\u00a0 Hungarian Masters Open II. hely Gy\u0151r, 2023\u00a0<span style=\"color: var( --e-global-color-text ); background-color: var( --e-global-color-262934a ); font-size: 1rem;\">\ud83e\udd48<\/span><\/p>\t\t\t\t\t\t\t\t<\/div>\n\t\t\t\t<\/div>\n\t\t\t\t\t<\/div>\n\t\t<\/div>\n\t\t\t\t\t<\/div>\n\t\t<\/section>\n\t\t\t\t\t<\/div>\n\t\t<\/div>\n\t\t\t\t\t<\/div>\n\t\t<\/section>\n\t\t\t\t<\/div>\n\t\t","protected":false},"excerpt":{"rendered":"<p>St\u00e9hl G\u00e1bor V\u00e9gzetts\u00e9g testnevel\u0151 &#8211; edz\u0151, Szegedi Tudom\u00e1nyegyetem Juh\u00e1sz Gyula PKK 2012 okleveles szem\u00e9lyi edz\u0151 I. Dan fokozat, 2001 Szakmai \u00fat Veresegyh\u00e1zi K\u00fczd\u0151sport Egyes\u00fclet &#8211; alap\u00edt\u00f3 tag 2005-2007 \u00a0Gyermekek Szem\u00e9lyis\u00e9g Fejleszt\u00e9se a Judo Speci\u00e1lis Nevel\u00e9si \u00e9s Oktat\u00e1si Elemeivel \u00d3bud\u00e1n \u00e9s K\u00f6rny\u00e9k\u00e9n Program jud\u00f3tan\u00e1ra 2010-2011 Andor Ilona \u00c1ltal\u00e1nos Iskola testnevel\u0151 tan\u00e1r 2014-t\u0151l\u00a0 \u00d3budai Judo Club, judo [&hellip;]<\/p>\n","protected":false},"author":1,"featured_media":0,"parent":0,"menu_order":0,"comment_status":"closed","ping_status":"closed","template":"","meta":{"inline_featured_image":false,"footnotes":""},"class_list":["post-1092","page","type-page","status-publish","hentry"],"_links":{"self":[{"href":"https:\/\/trimagusjudose.hu\/index.php?rest_route=\/wp\/v2\/pages\/1092","targetHints":{"allow":["GET"]}}],"collection":[{"href":"https:\/\/trimagusjudose.hu\/index.php?rest_route=\/wp\/v2\/pages"}],"about":[{"href":"https:\/\/trimagusjudose.hu\/index.php?rest_route=\/wp\/v2\/types\/page"}],"author":[{"embeddable":true,"href":"https:\/\/trimagusjudose.hu\/index.php?rest_route=\/wp\/v2\/users\/1"}],"replies":[{"embeddable":true,"href":"https:\/\/trimagusjudose.hu\/index.php?rest_route=%2Fwp%2Fv2%2Fcomments&post=1092"}],"version-history":[{"count":58,"href":"https:\/\/trimagusjudose.hu\/index.php?rest_route=\/wp\/v2\/pages\/1092\/revisions"}],"predecessor-version":[{"id":3374,"href":"https:\/\/trimagusjudose.hu\/index.php?rest_route=\/wp\/v2\/pages\/1092\/revisions\/3374"}],"wp:attachment":[{"href":"https:\/\/trimagusjudose.hu\/index.php?rest_route=%2Fwp%2Fv2%2Fmedia&parent=1092"}],"curies":[{"name":"wp","href":"https:\/\/api.w.org\/{rel}","templated":true}]}}