{"id":1102,"date":"2024-02-26T08:22:58","date_gmt":"2024-02-26T08:22:58","guid":{"rendered":"https:\/\/trimagusjudose.hu\/?page_id=1102"},"modified":"2024-03-10T17:53:17","modified_gmt":"2024-03-10T17:53:17","slug":"olvasnivalo","status":"publish","type":"page","link":"https:\/\/trimagusjudose.hu\/?page_id=1102","title":{"rendered":"Olvasnival\u00f3"},"content":{"rendered":"\t\t<div data-elementor-type=\"wp-page\" data-elementor-id=\"1102\" class=\"elementor elementor-1102\">\n\t\t\t\t\t\t<section class=\"elementor-section elementor-top-section elementor-element elementor-element-eb8bd4f elementor-section-boxed elementor-section-height-default elementor-section-height-default\" data-id=\"eb8bd4f\" data-element_type=\"section\">\n\t\t\t\t\t\t<div class=\"elementor-container elementor-column-gap-default\">\n\t\t\t\t\t<div class=\"elementor-column elementor-col-100 elementor-top-column elementor-element elementor-element-668cfc2\" data-id=\"668cfc2\" data-element_type=\"column\">\n\t\t\t<div class=\"elementor-widget-wrap elementor-element-populated\">\n\t\t\t\t\t\t<div class=\"elementor-element elementor-element-75f688e elementor-widget elementor-widget-spacer\" data-id=\"75f688e\" data-element_type=\"widget\" data-widget_type=\"spacer.default\">\n\t\t\t\t<div class=\"elementor-widget-container\">\n\t\t\t\t\t\t\t<div class=\"elementor-spacer\">\n\t\t\t<div class=\"elementor-spacer-inner\"><\/div>\n\t\t<\/div>\n\t\t\t\t\t\t<\/div>\n\t\t\t\t<\/div>\n\t\t\t\t\t<\/div>\n\t\t<\/div>\n\t\t\t\t\t<\/div>\n\t\t<\/section>\n\t\t\t\t<section class=\"elementor-section elementor-top-section elementor-element elementor-element-89804d1 elementor-section-boxed elementor-section-height-default elementor-section-height-default\" data-id=\"89804d1\" data-element_type=\"section\">\n\t\t\t\t\t\t<div class=\"elementor-container elementor-column-gap-default\">\n\t\t\t\t\t<div class=\"elementor-column elementor-col-100 elementor-top-column elementor-element elementor-element-8d6ac3f\" data-id=\"8d6ac3f\" data-element_type=\"column\">\n\t\t\t<div class=\"elementor-widget-wrap elementor-element-populated\">\n\t\t\t\t\t\t<div class=\"elementor-element elementor-element-451c62f elementor-widget elementor-widget-heading\" data-id=\"451c62f\" data-element_type=\"widget\" data-widget_type=\"heading.default\">\n\t\t\t\t<div class=\"elementor-widget-container\">\n\t\t\t\t\t<h2 class=\"elementor-heading-title elementor-size-default\">Olvasnival\u00f3<\/h2>\t\t\t\t<\/div>\n\t\t\t\t<\/div>\n\t\t\t\t\t<\/div>\n\t\t<\/div>\n\t\t\t\t\t<\/div>\n\t\t<\/section>\n\t\t\t\t<section class=\"elementor-section elementor-top-section elementor-element elementor-element-a5f2a3a elementor-section-boxed elementor-section-height-default elementor-section-height-default\" data-id=\"a5f2a3a\" data-element_type=\"section\">\n\t\t\t\t\t\t<div class=\"elementor-container elementor-column-gap-default\">\n\t\t\t\t\t<div class=\"elementor-column elementor-col-100 elementor-top-column elementor-element elementor-element-f6cb9ab\" data-id=\"f6cb9ab\" data-element_type=\"column\">\n\t\t\t<div class=\"elementor-widget-wrap elementor-element-populated\">\n\t\t\t\t\t\t<div class=\"elementor-element elementor-element-8719327 elementor-widget elementor-widget-spacer\" data-id=\"8719327\" data-element_type=\"widget\" data-widget_type=\"spacer.default\">\n\t\t\t\t<div class=\"elementor-widget-container\">\n\t\t\t\t\t\t\t<div class=\"elementor-spacer\">\n\t\t\t<div class=\"elementor-spacer-inner\"><\/div>\n\t\t<\/div>\n\t\t\t\t\t\t<\/div>\n\t\t\t\t<\/div>\n\t\t\t\t\t<\/div>\n\t\t<\/div>\n\t\t\t\t\t<\/div>\n\t\t<\/section>\n\t\t\t\t<section class=\"elementor-section elementor-top-section elementor-element elementor-element-061205c elementor-section-boxed elementor-section-height-default elementor-section-height-default\" data-id=\"061205c\" data-element_type=\"section\">\n\t\t\t\t\t\t<div class=\"elementor-container elementor-column-gap-default\">\n\t\t\t\t\t<div class=\"elementor-column elementor-col-50 elementor-top-column elementor-element elementor-element-4b7227e\" data-id=\"4b7227e\" data-element_type=\"column\">\n\t\t\t<div class=\"elementor-widget-wrap elementor-element-populated\">\n\t\t\t\t\t\t<div class=\"elementor-element elementor-element-a76be50 elementor-widget elementor-widget-heading\" data-id=\"a76be50\" data-element_type=\"widget\" data-widget_type=\"heading.default\">\n\t\t\t\t<div class=\"elementor-widget-container\">\n\t\t\t\t\t<h2 class=\"elementor-heading-title elementor-size-default\">A judo kialakul\u00e1sa<\/h2>\t\t\t\t<\/div>\n\t\t\t\t<\/div>\n\t\t\t\t<div class=\"elementor-element elementor-element-25ce27a elementor-widget elementor-widget-text-editor\" data-id=\"25ce27a\" data-element_type=\"widget\" data-widget_type=\"text-editor.default\">\n\t\t\t\t<div class=\"elementor-widget-container\">\n\t\t\t\t\t\t\t\t\t<p>A judo az \u0151si jap\u00e1n jiu-jitsu -b\u00f3l (ju-jutsu) alakult ki. A jiu-jitsu harcm\u0171v\u00e9szet \u00e9s nem sport volt, ez\u00e9rt nem is volt sportszer\u0171. A gyakorl\u00e1sokat gyakran k\u00eds\u00e9rte s\u00falyos s\u00e9r\u00fcl\u00e9s, n\u00e9ha hal\u00e1leset.<\/p><p>Kano Jigoro 5.Danos jiu-jitsu mester 1882-ben addigi harcm\u0171v\u00e9szeti ismereti alapj\u00e1n l\u00e9trehozta saj\u00e1t iskol\u00e1j\u00e1t, amelyben hangs\u00falyosan nemcsak testi, hanem szellemi k\u00e9pz\u00e9st is ny\u00fajtott.<\/p><p>Ez\u00e9rt megk\u00fcl\u00f6nb\u00f6ztetve az addigiakt\u00f3l, m\u00e1r nem azt a nevet k\u00edv\u00e1nta tan\u00edt\u00e1saira haszn\u00e1lni, hogy harcm\u0171v\u00e9szet (jitsu), hanem \u00e9letvitel (do).<\/p><p>A hat\u00e9konys\u00e1gon alapul\u00f3 \u00e9letm\u00f3d, mely a l\u00e1gys\u00e1g, k\u00f6nnyeds\u00e9g \u00e9rzet\u00e9t kelti.\u00a0<\/p><p>Azaz JUDO.<\/p>\t\t\t\t\t\t\t\t<\/div>\n\t\t\t\t<\/div>\n\t\t\t\t<div class=\"elementor-element elementor-element-14033eb elementor-align-center elementor-widget elementor-widget-button\" data-id=\"14033eb\" data-element_type=\"widget\" data-widget_type=\"button.default\">\n\t\t\t\t<div class=\"elementor-widget-container\">\n\t\t\t\t\t\t\t\t\t<div class=\"elementor-button-wrapper\">\n\t\t\t\t\t<a class=\"elementor-button elementor-button-link elementor-size-sm\" href=\"https:\/\/trimagusjudose.hu\/?page_id=1110\">\n\t\t\t\t\t\t<span class=\"elementor-button-content-wrapper\">\n\t\t\t\t\t\t\t\t\t<span class=\"elementor-button-text\">b\u0151vebben<\/span>\n\t\t\t\t\t<\/span>\n\t\t\t\t\t<\/a>\n\t\t\t\t<\/div>\n\t\t\t\t\t\t\t\t<\/div>\n\t\t\t\t<\/div>\n\t\t\t\t\t<\/div>\n\t\t<\/div>\n\t\t\t\t<div class=\"elementor-column elementor-col-50 elementor-top-column elementor-element elementor-element-6de18c4\" data-id=\"6de18c4\" data-element_type=\"column\">\n\t\t\t<div class=\"elementor-widget-wrap elementor-element-populated\">\n\t\t\t\t\t\t<div class=\"elementor-element elementor-element-5c456da elementor-widget elementor-widget-heading\" data-id=\"5c456da\" data-element_type=\"widget\" data-widget_type=\"heading.default\">\n\t\t\t\t<div class=\"elementor-widget-container\">\n\t\t\t\t\t<h2 class=\"elementor-heading-title elementor-size-default\">Szemere Mikl\u00f3s<\/h2>\t\t\t\t<\/div>\n\t\t\t\t<\/div>\n\t\t\t\t<div class=\"elementor-element elementor-element-a0d7c02 elementor-widget elementor-widget-text-editor\" data-id=\"a0d7c02\" data-element_type=\"widget\" data-widget_type=\"text-editor.default\">\n\t\t\t\t<div class=\"elementor-widget-container\">\n\t\t\t\t\t\t\t\t\t<p>1906-ban gr\u00f3f Szemere Mikl\u00f3s kultuszminiszter volt az, akinek megh\u00edv\u00e1s\u00e1ra \u00e9s Kano professzor megb\u00edz\u00e1s\u00e1b\u00f3l haz\u00e1nkba \u00e9rkezett az els\u0151 judo oktat\u00f3, Sasaki Kichisaburo mester.\u00a0<\/p><p>Az\u00e9rt j\u00f6tt haz\u00e1nkba, hogy Magyarorsz\u00e1gon is n\u00e9pszer\u0171s\u00edtse, a magyar fiatalokkal is megismertesse a jud\u00f3t. A BEAC l\u00e1gym\u00e1nyosi sporttelep\u00e9n kezdett bele 4 h\u00f3naposra tervezett judo tanfolyam\u00e1ba 60 tanul\u00f3val.\u00a0<\/p><p>A nagy fegyelmezetts\u00e9get, kitart\u00e1st \u00e9s szorgalmat k\u00edv\u00e1n\u00f3 foglalkoz\u00e1sokr\u00f3l azonban sorra maradtak el a tan\u00edtv\u00e1nyok. A harmadik h\u00f3nap v\u00e9g\u00e9re m\u00e1r csak n\u00e9gyen maradtak.<\/p>\t\t\t\t\t\t\t\t<\/div>\n\t\t\t\t<\/div>\n\t\t\t\t<div class=\"elementor-element elementor-element-3c0b576 elementor-hidden-mobile elementor-widget elementor-widget-spacer\" data-id=\"3c0b576\" data-element_type=\"widget\" data-widget_type=\"spacer.default\">\n\t\t\t\t<div class=\"elementor-widget-container\">\n\t\t\t\t\t\t\t<div class=\"elementor-spacer\">\n\t\t\t<div class=\"elementor-spacer-inner\"><\/div>\n\t\t<\/div>\n\t\t\t\t\t\t<\/div>\n\t\t\t\t<\/div>\n\t\t\t\t<div class=\"elementor-element elementor-element-059e66c elementor-align-center elementor-widget elementor-widget-button\" data-id=\"059e66c\" data-element_type=\"widget\" data-widget_type=\"button.default\">\n\t\t\t\t<div class=\"elementor-widget-container\">\n\t\t\t\t\t\t\t\t\t<div class=\"elementor-button-wrapper\">\n\t\t\t\t\t<a class=\"elementor-button elementor-button-link elementor-size-sm\" href=\"https:\/\/trimagusjudose.hu\/?page_id=1106\">\n\t\t\t\t\t\t<span class=\"elementor-button-content-wrapper\">\n\t\t\t\t\t\t\t\t\t<span class=\"elementor-button-text\">b\u0151vebben<\/span>\n\t\t\t\t\t<\/span>\n\t\t\t\t\t<\/a>\n\t\t\t\t<\/div>\n\t\t\t\t\t\t\t\t<\/div>\n\t\t\t\t<\/div>\n\t\t\t\t\t<\/div>\n\t\t<\/div>\n\t\t\t\t\t<\/div>\n\t\t<\/section>\n\t\t\t\t<section class=\"elementor-section elementor-top-section elementor-element elementor-element-83c25ac elementor-section-boxed elementor-section-height-default elementor-section-height-default\" data-id=\"83c25ac\" data-element_type=\"section\">\n\t\t\t\t\t\t<div class=\"elementor-container elementor-column-gap-default\">\n\t\t\t\t\t<div class=\"elementor-column elementor-col-50 elementor-top-column elementor-element elementor-element-43b849f\" data-id=\"43b849f\" data-element_type=\"column\">\n\t\t\t<div class=\"elementor-widget-wrap elementor-element-populated\">\n\t\t\t\t\t\t<div class=\"elementor-element elementor-element-e0d21fc elementor-widget elementor-widget-heading\" data-id=\"e0d21fc\" data-element_type=\"widget\" data-widget_type=\"heading.default\">\n\t\t\t\t<div class=\"elementor-widget-container\">\n\t\t\t\t\t<h2 class=\"elementor-heading-title elementor-size-default\">Judo \u00f6vvizsga<\/h2>\t\t\t\t<\/div>\n\t\t\t\t<\/div>\n\t\t\t\t<div class=\"elementor-element elementor-element-77c19b1 elementor-widget elementor-widget-text-editor\" data-id=\"77c19b1\" data-element_type=\"widget\" data-widget_type=\"text-editor.default\">\n\t\t\t\t<div class=\"elementor-widget-container\">\n\t\t\t\t\t\t\t\t\t<p>A jud\u00f3sokat egyr\u00e9szt el\u00e9rt eredm\u00e9nyeik alapj\u00e1n, m\u00e1sr\u00e9szt pedig eredm\u00e9nyeikkel \u00f6sszhangban, technikai tud\u00e1suk, sokoldal\u00fas\u00e1guk, a sport\u00e1gban val\u00f3 j\u00e1rtass\u00e1guk, elm\u00e9leti megalapozotts\u00e1guk alapj\u00e1n min\u0151s\u00edtik.&nbsp;<\/p>\n<p>Ez ut\u00f3bbi formailag a felszerel\u00e9shez tartoz\u00f3 \u00f6v sz\u00edn\u00e9ben jut kifejez\u00e9sre. Az \u00f6vvizsg\u00e1k teh\u00e1t fokozatokat jelentenek a sport\u00e1g elm\u00e9ly\u00fcl\u00e9s\u00e9ben. Olyan p\u00e9ld\u00e1ul, mint az iskol\u00e1kban a k\u00fcl\u00f6nb\u00f6z\u0151 szintek elv\u00e9gz\u00e9se.<\/p><p>A 6.-5. Kyu (tanul\u00f3 fokozat) az \u00e1ltal\u00e1nos iskola als\u00f3 tagozat\u00e1t, a 4.-3.-2. Kyu a fels\u0151 tagozat\u00e1t, a 1. Kyu a k\u00f6z\u00e9piskola els\u0151 k\u00e9t oszt\u00e1ly\u00e1t k\u00e9pviseli.<\/p><p>M\u00edg az utols\u00f3 k\u00e9t oszt\u00e1ly az I. Dan (mester fokozat) el\u00e9r\u00e9s\u00e9nek lehet\u0151s\u00e9g\u00e9t k\u00edn\u00e1lja, mondjuk mint az \u00e9retts\u00e9gi vizsga megszerz\u00e9s\u00e9t.<\/p>\t\t\t\t\t\t\t\t<\/div>\n\t\t\t\t<\/div>\n\t\t\t\t<div class=\"elementor-element elementor-element-9b66077 elementor-align-center elementor-widget elementor-widget-button\" data-id=\"9b66077\" data-element_type=\"widget\" data-widget_type=\"button.default\">\n\t\t\t\t<div class=\"elementor-widget-container\">\n\t\t\t\t\t\t\t\t\t<div class=\"elementor-button-wrapper\">\n\t\t\t\t\t<a class=\"elementor-button elementor-button-link elementor-size-sm\" href=\"https:\/\/trimagusjudose.hu\/?page_id=1108\">\n\t\t\t\t\t\t<span class=\"elementor-button-content-wrapper\">\n\t\t\t\t\t\t\t\t\t<span class=\"elementor-button-text\">b\u0151vebben<\/span>\n\t\t\t\t\t<\/span>\n\t\t\t\t\t<\/a>\n\t\t\t\t<\/div>\n\t\t\t\t\t\t\t\t<\/div>\n\t\t\t\t<\/div>\n\t\t\t\t\t<\/div>\n\t\t<\/div>\n\t\t\t\t<div class=\"elementor-column elementor-col-50 elementor-top-column elementor-element elementor-element-336d91b\" data-id=\"336d91b\" data-element_type=\"column\">\n\t\t\t<div class=\"elementor-widget-wrap elementor-element-populated\">\n\t\t\t\t\t\t<div class=\"elementor-element elementor-element-5c659a6 elementor-widget elementor-widget-heading\" data-id=\"5c659a6\" data-element_type=\"widget\" data-widget_type=\"heading.default\">\n\t\t\t\t<div class=\"elementor-widget-container\">\n\t\t\t\t\t<h2 class=\"elementor-heading-title elementor-size-default\">A judo illemszab\u00e1lyai<\/h2>\t\t\t\t<\/div>\n\t\t\t\t<\/div>\n\t\t\t\t<div class=\"elementor-element elementor-element-580520a elementor-widget elementor-widget-text-editor\" data-id=\"580520a\" data-element_type=\"widget\" data-widget_type=\"text-editor.default\">\n\t\t\t\t<div class=\"elementor-widget-container\">\n\t\t\t\t\t\t\t\t\t<p>A judo maga az udvariass\u00e1g.<\/p><p>A judo tanul\u00f3, a judoka az edz\u0151terem falain k\u00edv\u00fcl is jud\u00f3s m\u00f3dra viselkedik, a term\u00e9szet \u00e9s a t\u00e1rsadalom t\u00f6rv\u00e9nyeinek megfelel\u0151en \u00e9l.<\/p><p>Az edz\u00e9s nem a teremben kezd\u0151dik, hanem amikor a tanul\u00f3 otthon felk\u00e9sz\u00fcl r\u00e1. \u00d6sszek\u00e9sz\u00edti felszerel\u00e9s\u00e9t. ellen\u0151rzi, hogy nem szakadt, b\u00fcd\u00f6s, koszos. \u00c1poltan tiszta k\u00e9zzel, l\u00e1bbal, r\u00f6vid k\u00f6rm\u00f6kkel megy edzeni.<\/p><p>B\u00e1r ezeket a versenyszab\u00e1lyok is el\u0151\u00edrj\u00e1k, els\u0151sorban az\u00e9rt, hogy t\u00e1rsainak megadja a kell\u0151 tiszteletet.<\/p>\t\t\t\t\t\t\t\t<\/div>\n\t\t\t\t<\/div>\n\t\t\t\t<div class=\"elementor-element elementor-element-d0af99d elementor-hidden-mobile elementor-widget elementor-widget-spacer\" data-id=\"d0af99d\" data-element_type=\"widget\" data-widget_type=\"spacer.default\">\n\t\t\t\t<div class=\"elementor-widget-container\">\n\t\t\t\t\t\t\t<div class=\"elementor-spacer\">\n\t\t\t<div class=\"elementor-spacer-inner\"><\/div>\n\t\t<\/div>\n\t\t\t\t\t\t<\/div>\n\t\t\t\t<\/div>\n\t\t\t\t<div class=\"elementor-element elementor-element-68972ef elementor-align-center elementor-widget elementor-widget-button\" data-id=\"68972ef\" data-element_type=\"widget\" data-widget_type=\"button.default\">\n\t\t\t\t<div class=\"elementor-widget-container\">\n\t\t\t\t\t\t\t\t\t<div class=\"elementor-button-wrapper\">\n\t\t\t\t\t<a class=\"elementor-button elementor-button-link elementor-size-sm\" href=\"https:\/\/trimagusjudose.hu\/?page_id=1112\">\n\t\t\t\t\t\t<span class=\"elementor-button-content-wrapper\">\n\t\t\t\t\t\t\t\t\t<span class=\"elementor-button-text\">b\u0151vebben<\/span>\n\t\t\t\t\t<\/span>\n\t\t\t\t\t<\/a>\n\t\t\t\t<\/div>\n\t\t\t\t\t\t\t\t<\/div>\n\t\t\t\t<\/div>\n\t\t\t\t\t<\/div>\n\t\t<\/div>\n\t\t\t\t\t<\/div>\n\t\t<\/section>\n\t\t\t\t<section class=\"elementor-section elementor-top-section elementor-element elementor-element-1f6c26d elementor-section-boxed elementor-section-height-default elementor-section-height-default\" data-id=\"1f6c26d\" data-element_type=\"section\">\n\t\t\t\t\t\t<div class=\"elementor-container elementor-column-gap-default\">\n\t\t\t\t\t<div class=\"elementor-column elementor-col-100 elementor-top-column elementor-element elementor-element-7b53702\" data-id=\"7b53702\" data-element_type=\"column\">\n\t\t\t<div class=\"elementor-widget-wrap\">\n\t\t\t\t\t\t\t<\/div>\n\t\t<\/div>\n\t\t\t\t\t<\/div>\n\t\t<\/section>\n\t\t\t\t<\/div>\n\t\t","protected":false},"excerpt":{"rendered":"<p>Olvasnival\u00f3 A judo kialakul\u00e1sa A judo az \u0151si jap\u00e1n jiu-jitsu -b\u00f3l (ju-jutsu) alakult ki. A jiu-jitsu harcm\u0171v\u00e9szet \u00e9s nem sport volt, ez\u00e9rt nem is volt sportszer\u0171. A gyakorl\u00e1sokat gyakran k\u00eds\u00e9rte s\u00falyos s\u00e9r\u00fcl\u00e9s, n\u00e9ha hal\u00e1leset. Kano Jigoro 5.Danos jiu-jitsu mester 1882-ben addigi harcm\u0171v\u00e9szeti ismereti alapj\u00e1n l\u00e9trehozta saj\u00e1t iskol\u00e1j\u00e1t, amelyben hangs\u00falyosan nemcsak testi, hanem szellemi k\u00e9pz\u00e9st is [&hellip;]<\/p>\n","protected":false},"author":1,"featured_media":0,"parent":0,"menu_order":0,"comment_status":"closed","ping_status":"closed","template":"","meta":{"inline_featured_image":false,"footnotes":""},"class_list":["post-1102","page","type-page","status-publish","hentry"],"_links":{"self":[{"href":"https:\/\/trimagusjudose.hu\/index.php?rest_route=\/wp\/v2\/pages\/1102","targetHints":{"allow":["GET"]}}],"collection":[{"href":"https:\/\/trimagusjudose.hu\/index.php?rest_route=\/wp\/v2\/pages"}],"about":[{"href":"https:\/\/trimagusjudose.hu\/index.php?rest_route=\/wp\/v2\/types\/page"}],"author":[{"embeddable":true,"href":"https:\/\/trimagusjudose.hu\/index.php?rest_route=\/wp\/v2\/users\/1"}],"replies":[{"embeddable":true,"href":"https:\/\/trimagusjudose.hu\/index.php?rest_route=%2Fwp%2Fv2%2Fcomments&post=1102"}],"version-history":[{"count":67,"href":"https:\/\/trimagusjudose.hu\/index.php?rest_route=\/wp\/v2\/pages\/1102\/revisions"}],"predecessor-version":[{"id":1842,"href":"https:\/\/trimagusjudose.hu\/index.php?rest_route=\/wp\/v2\/pages\/1102\/revisions\/1842"}],"wp:attachment":[{"href":"https:\/\/trimagusjudose.hu\/index.php?rest_route=%2Fwp%2Fv2%2Fmedia&parent=1102"}],"curies":[{"name":"wp","href":"https:\/\/api.w.org\/{rel}","templated":true}]}}