{"id":1195,"date":"2024-02-26T10:17:50","date_gmt":"2024-02-26T10:17:50","guid":{"rendered":"https:\/\/trimagusjudose.hu\/?page_id=1195"},"modified":"2024-03-18T09:19:29","modified_gmt":"2024-03-18T09:19:29","slug":"rolunk","status":"publish","type":"page","link":"https:\/\/trimagusjudose.hu\/?page_id=1195","title":{"rendered":"R\u00f3lunk"},"content":{"rendered":"\t\t<div data-elementor-type=\"wp-page\" data-elementor-id=\"1195\" class=\"elementor elementor-1195\">\n\t\t\t\t\t\t<section class=\"elementor-section elementor-top-section elementor-element elementor-element-47c4492 elementor-section-boxed elementor-section-height-default elementor-section-height-default\" data-id=\"47c4492\" data-element_type=\"section\">\n\t\t\t\t\t\t<div class=\"elementor-container elementor-column-gap-default\">\n\t\t\t\t\t<div class=\"elementor-column elementor-col-100 elementor-top-column elementor-element elementor-element-05ab626\" data-id=\"05ab626\" data-element_type=\"column\">\n\t\t\t<div class=\"elementor-widget-wrap elementor-element-populated\">\n\t\t\t\t\t\t<div class=\"elementor-element elementor-element-0ddc1d7 elementor-widget elementor-widget-spacer\" data-id=\"0ddc1d7\" data-element_type=\"widget\" data-widget_type=\"spacer.default\">\n\t\t\t\t<div class=\"elementor-widget-container\">\n\t\t\t\t\t\t\t<div class=\"elementor-spacer\">\n\t\t\t<div class=\"elementor-spacer-inner\"><\/div>\n\t\t<\/div>\n\t\t\t\t\t\t<\/div>\n\t\t\t\t<\/div>\n\t\t\t\t\t<\/div>\n\t\t<\/div>\n\t\t\t\t\t<\/div>\n\t\t<\/section>\n\t\t\t\t<section class=\"elementor-section elementor-top-section elementor-element elementor-element-602fe27 elementor-section-boxed elementor-section-height-default elementor-section-height-default\" data-id=\"602fe27\" data-element_type=\"section\">\n\t\t\t\t\t\t<div class=\"elementor-container elementor-column-gap-default\">\n\t\t\t\t\t<div class=\"elementor-column elementor-col-100 elementor-top-column elementor-element elementor-element-11e9abf\" data-id=\"11e9abf\" data-element_type=\"column\">\n\t\t\t<div class=\"elementor-widget-wrap elementor-element-populated\">\n\t\t\t\t\t\t<div class=\"elementor-element elementor-element-78e4678 elementor-widget elementor-widget-heading\" data-id=\"78e4678\" data-element_type=\"widget\" data-widget_type=\"heading.default\">\n\t\t\t\t<div class=\"elementor-widget-container\">\n\t\t\t\t\t<h2 class=\"elementor-heading-title elementor-size-default\">R\u00f3lunk<\/h2>\t\t\t\t<\/div>\n\t\t\t\t<\/div>\n\t\t\t\t\t<\/div>\n\t\t<\/div>\n\t\t\t\t\t<\/div>\n\t\t<\/section>\n\t\t\t\t<section class=\"elementor-section elementor-top-section elementor-element elementor-element-8afeba8 elementor-section-boxed elementor-section-height-default elementor-section-height-default\" data-id=\"8afeba8\" data-element_type=\"section\">\n\t\t\t\t\t\t<div class=\"elementor-container elementor-column-gap-default\">\n\t\t\t\t\t<div class=\"elementor-column elementor-col-100 elementor-top-column elementor-element elementor-element-514c18f\" data-id=\"514c18f\" data-element_type=\"column\">\n\t\t\t<div class=\"elementor-widget-wrap elementor-element-populated\">\n\t\t\t\t\t\t<div class=\"elementor-element elementor-element-272c0bb elementor-widget elementor-widget-spacer\" data-id=\"272c0bb\" data-element_type=\"widget\" data-widget_type=\"spacer.default\">\n\t\t\t\t<div class=\"elementor-widget-container\">\n\t\t\t\t\t\t\t<div class=\"elementor-spacer\">\n\t\t\t<div class=\"elementor-spacer-inner\"><\/div>\n\t\t<\/div>\n\t\t\t\t\t\t<\/div>\n\t\t\t\t<\/div>\n\t\t\t\t\t<\/div>\n\t\t<\/div>\n\t\t\t\t\t<\/div>\n\t\t<\/section>\n\t\t\t\t<section class=\"elementor-section elementor-top-section elementor-element elementor-element-f04a252 elementor-section-boxed elementor-section-height-default elementor-section-height-default\" data-id=\"f04a252\" data-element_type=\"section\">\n\t\t\t\t\t\t<div class=\"elementor-container elementor-column-gap-default\">\n\t\t\t\t\t<div class=\"elementor-column elementor-col-25 elementor-top-column elementor-element elementor-element-cf0164b\" data-id=\"cf0164b\" data-element_type=\"column\">\n\t\t\t<div class=\"elementor-widget-wrap elementor-element-populated\">\n\t\t\t\t\t\t<div class=\"elementor-element elementor-element-42114cb elementor-widget elementor-widget-image\" data-id=\"42114cb\" data-element_type=\"widget\" data-widget_type=\"image.default\">\n\t\t\t\t<div class=\"elementor-widget-container\">\n\t\t\t\t\t\t\t\t\t\t\t\t\t\t\t<img fetchpriority=\"high\" decoding=\"async\" width=\"800\" height=\"983\" src=\"https:\/\/trimagusjudose.hu\/wp-content\/uploads\/2024\/02\/jigoro-kano-copy2-833x1024.jpg\" class=\"attachment-large size-large wp-image-1038\" alt=\"\" srcset=\"https:\/\/trimagusjudose.hu\/wp-content\/uploads\/2024\/02\/jigoro-kano-copy2-833x1024.jpg 833w, https:\/\/trimagusjudose.hu\/wp-content\/uploads\/2024\/02\/jigoro-kano-copy2-244x300.jpg 244w, https:\/\/trimagusjudose.hu\/wp-content\/uploads\/2024\/02\/jigoro-kano-copy2-768x944.jpg 768w\" sizes=\"(max-width: 800px) 100vw, 800px\" \/>\t\t\t\t\t\t\t\t\t\t\t\t\t\t\t<\/div>\n\t\t\t\t<\/div>\n\t\t\t\t\t<\/div>\n\t\t<\/div>\n\t\t\t\t<div class=\"elementor-column elementor-col-25 elementor-top-column elementor-element elementor-element-4084bdc\" data-id=\"4084bdc\" data-element_type=\"column\">\n\t\t\t<div class=\"elementor-widget-wrap elementor-element-populated\">\n\t\t\t\t\t\t<div class=\"elementor-element elementor-element-24d010c elementor-widget elementor-widget-image\" data-id=\"24d010c\" data-element_type=\"widget\" data-widget_type=\"image.default\">\n\t\t\t\t<div class=\"elementor-widget-container\">\n\t\t\t\t\t\t\t\t\t\t\t\t\t\t\t<img decoding=\"async\" width=\"300\" height=\"364\" src=\"https:\/\/trimagusjudose.hu\/wp-content\/uploads\/2024\/02\/Sasaki-kep_300-1.jpg\" class=\"attachment-medium_large size-medium_large wp-image-1493\" alt=\"\" srcset=\"https:\/\/trimagusjudose.hu\/wp-content\/uploads\/2024\/02\/Sasaki-kep_300-1.jpg 300w, https:\/\/trimagusjudose.hu\/wp-content\/uploads\/2024\/02\/Sasaki-kep_300-1-247x300.jpg 247w\" sizes=\"(max-width: 300px) 100vw, 300px\" \/>\t\t\t\t\t\t\t\t\t\t\t\t\t\t\t<\/div>\n\t\t\t\t<\/div>\n\t\t\t\t\t<\/div>\n\t\t<\/div>\n\t\t\t\t<div class=\"elementor-column elementor-col-25 elementor-top-column elementor-element elementor-element-ac0d22d\" data-id=\"ac0d22d\" data-element_type=\"column\">\n\t\t\t<div class=\"elementor-widget-wrap elementor-element-populated\">\n\t\t\t\t\t\t<div class=\"elementor-element elementor-element-eb479aa elementor-widget elementor-widget-image\" data-id=\"eb479aa\" data-element_type=\"widget\" data-widget_type=\"image.default\">\n\t\t\t\t<div class=\"elementor-widget-container\">\n\t\t\t\t\t\t\t\t\t\t\t\t\t\t\t<img decoding=\"async\" width=\"196\" height=\"257\" src=\"https:\/\/trimagusjudose.hu\/wp-content\/uploads\/2024\/03\/170989662360268906256058028829.jpg\" class=\"attachment-large size-large wp-image-1672\" alt=\"\" \/>\t\t\t\t\t\t\t\t\t\t\t\t\t\t\t<\/div>\n\t\t\t\t<\/div>\n\t\t\t\t\t<\/div>\n\t\t<\/div>\n\t\t\t\t<div class=\"elementor-column elementor-col-25 elementor-top-column elementor-element elementor-element-225fc13\" data-id=\"225fc13\" data-element_type=\"column\">\n\t\t\t<div class=\"elementor-widget-wrap elementor-element-populated\">\n\t\t\t\t\t\t<div class=\"elementor-element elementor-element-d3660c7 elementor-widget elementor-widget-image\" data-id=\"d3660c7\" data-element_type=\"widget\" data-widget_type=\"image.default\">\n\t\t\t\t<div class=\"elementor-widget-container\">\n\t\t\t\t\t\t\t\t\t\t\t\t\t\t\t<img loading=\"lazy\" decoding=\"async\" width=\"543\" height=\"628\" src=\"https:\/\/trimagusjudose.hu\/wp-content\/uploads\/2024\/03\/IMG_20210603_155608_1_1.jpg\" class=\"attachment-large size-large wp-image-1765\" alt=\"\" srcset=\"https:\/\/trimagusjudose.hu\/wp-content\/uploads\/2024\/03\/IMG_20210603_155608_1_1.jpg 543w, https:\/\/trimagusjudose.hu\/wp-content\/uploads\/2024\/03\/IMG_20210603_155608_1_1-259x300.jpg 259w\" sizes=\"(max-width: 543px) 100vw, 543px\" \/>\t\t\t\t\t\t\t\t\t\t\t\t\t\t\t<\/div>\n\t\t\t\t<\/div>\n\t\t\t\t\t<\/div>\n\t\t<\/div>\n\t\t\t\t\t<\/div>\n\t\t<\/section>\n\t\t\t\t<section class=\"elementor-section elementor-top-section elementor-element elementor-element-b3f2c17 elementor-section-boxed elementor-section-height-default elementor-section-height-default\" data-id=\"b3f2c17\" data-element_type=\"section\">\n\t\t\t\t\t\t<div class=\"elementor-container elementor-column-gap-default\">\n\t\t\t\t\t<div class=\"elementor-column elementor-col-100 elementor-top-column elementor-element elementor-element-d1664f3\" data-id=\"d1664f3\" data-element_type=\"column\">\n\t\t\t<div class=\"elementor-widget-wrap elementor-element-populated\">\n\t\t\t\t\t\t<div class=\"elementor-element elementor-element-0b28919 elementor-widget elementor-widget-spacer\" data-id=\"0b28919\" data-element_type=\"widget\" data-widget_type=\"spacer.default\">\n\t\t\t\t<div class=\"elementor-widget-container\">\n\t\t\t\t\t\t\t<div class=\"elementor-spacer\">\n\t\t\t<div class=\"elementor-spacer-inner\"><\/div>\n\t\t<\/div>\n\t\t\t\t\t\t<\/div>\n\t\t\t\t<\/div>\n\t\t\t\t\t<\/div>\n\t\t<\/div>\n\t\t\t\t\t<\/div>\n\t\t<\/section>\n\t\t\t\t<section class=\"elementor-section elementor-top-section elementor-element elementor-element-8299ccf elementor-section-boxed elementor-section-height-default elementor-section-height-default\" data-id=\"8299ccf\" data-element_type=\"section\">\n\t\t\t\t\t\t<div class=\"elementor-container elementor-column-gap-default\">\n\t\t\t\t\t<div class=\"elementor-column elementor-col-100 elementor-top-column elementor-element elementor-element-99bf957\" data-id=\"99bf957\" data-element_type=\"column\">\n\t\t\t<div class=\"elementor-widget-wrap elementor-element-populated\">\n\t\t\t\t\t\t<div class=\"elementor-element elementor-element-11f9712 elementor-widget elementor-widget-text-editor\" data-id=\"11f9712\" data-element_type=\"widget\" data-widget_type=\"text-editor.default\">\n\t\t\t\t<div class=\"elementor-widget-container\">\n\t\t\t\t\t\t\t\t\t<p><span style=\"vertical-align: inherit;\"><span style=\"vertical-align: inherit;\"><span style=\"vertical-align: inherit;\"><span style=\"vertical-align: inherit;\">Az els\u0151 k\u00e9pen KANO Jigoro professzor, a judo alap\u00edt\u00f3ja l\u00e1that\u00f3.<\/span><\/span><\/span><\/span><\/p><p><span style=\"vertical-align: inherit;\"><span style=\"vertical-align: inherit;\"><span style=\"vertical-align: inherit;\"><span style=\"vertical-align: inherit;\">Ut\u00e1na SASAKI Kichisaburo \u00far, aki els\u0151k\u00e9nt j\u00f6tt haz\u00e1nkba jud\u00f3t oktatni.<\/span><\/span><\/span><\/span><\/p><p><span style=\"vertical-align: inherit;\"><span style=\"vertical-align: inherit;\"><span style=\"vertical-align: inherit;\"><span style=\"vertical-align: inherit;\">Ozsv\u00e1r Andr\u00e1s olimpiai \u00e9s vil\u00e1gbajnoki bronz\u00e9rmes\u00fcnk k\u00f6vetkezik, az egyik edz\u0151m<\/span><\/span><\/span><\/span><\/p><p><span style=\"vertical-align: inherit;\"><span style=\"vertical-align: inherit;\"><span style=\"vertical-align: inherit;\"><span style=\"vertical-align: inherit;\">\u00e9s v\u00e9g\u00fcl j\u00f3magam, a Trim\u00e1gus Judo Sportegyes\u00fclet vezet\u0151je, Tuncsik Zsolt.<\/span><\/span><\/span><\/span><\/p><p><span style=\"vertical-align: inherit;\"><span style=\"vertical-align: inherit;\"><span style=\"vertical-align: inherit;\"><span style=\"vertical-align: inherit;\">Hm&#8230; T\u00e9nyleg ennyivel sz\u00ednesebb egy\u00e9nis\u00e9g lenn\u00e9k? <\/span><\/span><\/span><\/span><\/p><p><span style=\"vertical-align: inherit;\"><span style=\"vertical-align: inherit;\"><span style=\"vertical-align: inherit;\"><span style=\"vertical-align: inherit;\">Vagy cser\u00e9ljem<\/span><span style=\"vertical-align: inherit;\">\u00a0fekete-feh\u00e9rre? \ud83d\ude42<\/span><\/span><\/span><\/span><\/p>\t\t\t\t\t\t\t\t<\/div>\n\t\t\t\t<\/div>\n\t\t\t\t\t<\/div>\n\t\t<\/div>\n\t\t\t\t\t<\/div>\n\t\t<\/section>\n\t\t\t\t<section class=\"elementor-section elementor-top-section elementor-element elementor-element-56a3b5b elementor-section-boxed elementor-section-height-default elementor-section-height-default\" data-id=\"56a3b5b\" data-element_type=\"section\">\n\t\t\t\t\t\t<div class=\"elementor-container elementor-column-gap-default\">\n\t\t\t\t\t<div class=\"elementor-column elementor-col-100 elementor-top-column elementor-element elementor-element-daf25a7\" data-id=\"daf25a7\" data-element_type=\"column\">\n\t\t\t<div class=\"elementor-widget-wrap elementor-element-populated\">\n\t\t\t\t\t\t<div class=\"elementor-element elementor-element-befcbd8 elementor-widget elementor-widget-spacer\" data-id=\"befcbd8\" data-element_type=\"widget\" data-widget_type=\"spacer.default\">\n\t\t\t\t<div class=\"elementor-widget-container\">\n\t\t\t\t\t\t\t<div class=\"elementor-spacer\">\n\t\t\t<div class=\"elementor-spacer-inner\"><\/div>\n\t\t<\/div>\n\t\t\t\t\t\t<\/div>\n\t\t\t\t<\/div>\n\t\t\t\t\t<\/div>\n\t\t<\/div>\n\t\t\t\t\t<\/div>\n\t\t<\/section>\n\t\t\t\t<\/div>\n\t\t","protected":false},"excerpt":{"rendered":"<p>R\u00f3lunk Az els\u0151 k\u00e9pen KANO Jigoro professzor, a judo alap\u00edt\u00f3ja l\u00e1that\u00f3. Ut\u00e1na SASAKI Kichisaburo \u00far, aki els\u0151k\u00e9nt j\u00f6tt haz\u00e1nkba jud\u00f3t oktatni. Ozsv\u00e1r Andr\u00e1s olimpiai \u00e9s vil\u00e1gbajnoki bronz\u00e9rmes\u00fcnk k\u00f6vetkezik, az egyik edz\u0151m \u00e9s v\u00e9g\u00fcl j\u00f3magam, a Trim\u00e1gus Judo Sportegyes\u00fclet vezet\u0151je, Tuncsik Zsolt. Hm&#8230; T\u00e9nyleg ennyivel sz\u00ednesebb egy\u00e9nis\u00e9g lenn\u00e9k? Vagy cser\u00e9ljem\u00a0fekete-feh\u00e9rre? \ud83d\ude42<\/p>\n","protected":false},"author":1,"featured_media":0,"parent":0,"menu_order":0,"comment_status":"closed","ping_status":"closed","template":"","meta":{"inline_featured_image":false,"footnotes":""},"class_list":["post-1195","page","type-page","status-publish","hentry"],"_links":{"self":[{"href":"https:\/\/trimagusjudose.hu\/index.php?rest_route=\/wp\/v2\/pages\/1195","targetHints":{"allow":["GET"]}}],"collection":[{"href":"https:\/\/trimagusjudose.hu\/index.php?rest_route=\/wp\/v2\/pages"}],"about":[{"href":"https:\/\/trimagusjudose.hu\/index.php?rest_route=\/wp\/v2\/types\/page"}],"author":[{"embeddable":true,"href":"https:\/\/trimagusjudose.hu\/index.php?rest_route=\/wp\/v2\/users\/1"}],"replies":[{"embeddable":true,"href":"https:\/\/trimagusjudose.hu\/index.php?rest_route=%2Fwp%2Fv2%2Fcomments&post=1195"}],"version-history":[{"count":85,"href":"https:\/\/trimagusjudose.hu\/index.php?rest_route=\/wp\/v2\/pages\/1195\/revisions"}],"predecessor-version":[{"id":2343,"href":"https:\/\/trimagusjudose.hu\/index.php?rest_route=\/wp\/v2\/pages\/1195\/revisions\/2343"}],"wp:attachment":[{"href":"https:\/\/trimagusjudose.hu\/index.php?rest_route=%2Fwp%2Fv2%2Fmedia&parent=1195"}],"curies":[{"name":"wp","href":"https:\/\/api.w.org\/{rel}","templated":true}]}}