{"id":2172,"date":"2024-03-13T15:42:49","date_gmt":"2024-03-13T15:42:49","guid":{"rendered":"https:\/\/trimagusjudose.hu\/?page_id=2172"},"modified":"2026-03-04T09:44:17","modified_gmt":"2026-03-04T09:44:17","slug":"judo-taborok-az-iskolai-szunetekben","status":"publish","type":"page","link":"https:\/\/trimagusjudose.hu\/?page_id=2172","title":{"rendered":"judo t\u00e1borok az iskolai sz\u00fcnetekben"},"content":{"rendered":"\t\t<div data-elementor-type=\"wp-page\" data-elementor-id=\"2172\" class=\"elementor elementor-2172\">\n\t\t\t\t\t\t<section class=\"elementor-section elementor-top-section elementor-element elementor-element-0629fe4 elementor-section-boxed elementor-section-height-default elementor-section-height-default\" data-id=\"0629fe4\" data-element_type=\"section\">\n\t\t\t\t\t\t<div class=\"elementor-container elementor-column-gap-default\">\n\t\t\t\t\t<div class=\"elementor-column elementor-col-100 elementor-top-column elementor-element elementor-element-8c28c6f\" data-id=\"8c28c6f\" data-element_type=\"column\">\n\t\t\t<div class=\"elementor-widget-wrap elementor-element-populated\">\n\t\t\t\t\t\t<div class=\"elementor-element elementor-element-c4035c9 elementor-widget elementor-widget-heading\" data-id=\"c4035c9\" data-element_type=\"widget\" data-widget_type=\"heading.default\">\n\t\t\t\t<div class=\"elementor-widget-container\">\n\t\t\t\t\t<h2 class=\"elementor-heading-title elementor-size-default\">judo t\u00e1borok az iskolai sz\u00fcnetekben<\/h2>\t\t\t\t<\/div>\n\t\t\t\t<\/div>\n\t\t\t\t\t<\/div>\n\t\t<\/div>\n\t\t\t\t\t<\/div>\n\t\t<\/section>\n\t\t\t\t<section class=\"elementor-section elementor-top-section elementor-element elementor-element-a349e89 elementor-section-boxed elementor-section-height-default elementor-section-height-default\" data-id=\"a349e89\" data-element_type=\"section\">\n\t\t\t\t\t\t<div class=\"elementor-container elementor-column-gap-default\">\n\t\t\t\t\t<div class=\"elementor-column elementor-col-100 elementor-top-column elementor-element elementor-element-99c6726\" data-id=\"99c6726\" data-element_type=\"column\">\n\t\t\t<div class=\"elementor-widget-wrap elementor-element-populated\">\n\t\t\t\t\t\t<div class=\"elementor-element elementor-element-7ffeb08 elementor-widget-mobile__width-initial elementor-view-default elementor-widget elementor-widget-icon\" data-id=\"7ffeb08\" data-element_type=\"widget\" data-widget_type=\"icon.default\">\n\t\t\t\t<div class=\"elementor-widget-container\">\n\t\t\t\t\t\t\t<div class=\"elementor-icon-wrapper\">\n\t\t\t<div class=\"elementor-icon\">\n\t\t\t<i aria-hidden=\"true\" class=\"fas fa-dove\"><\/i>\t\t\t<\/div>\n\t\t<\/div>\n\t\t\t\t\t\t<\/div>\n\t\t\t\t<\/div>\n\t\t\t\t<div class=\"elementor-element elementor-element-58643f7 elementor-widget__width-inherit elementor-widget-mobile__width-initial elementor-widget elementor-widget-text-editor\" data-id=\"58643f7\" data-element_type=\"widget\" data-widget_type=\"text-editor.default\">\n\t\t\t\t<div class=\"elementor-widget-container\">\n\t\t\t\t\t\t\t\t\t<p>tavaszi t\u00e1bor<\/p><p>2026. \u00e1prilis 7.-10.<\/p>\t\t\t\t\t\t\t\t<\/div>\n\t\t\t\t<\/div>\n\t\t\t\t<div class=\"elementor-element elementor-element-a4641cc elementor-widget elementor-widget-image\" data-id=\"a4641cc\" data-element_type=\"widget\" data-widget_type=\"image.default\">\n\t\t\t\t<div class=\"elementor-widget-container\">\n\t\t\t\t\t\t\t\t\t\t\t\t\t\t\t<img fetchpriority=\"high\" decoding=\"async\" width=\"300\" height=\"225\" src=\"https:\/\/trimagusjudose.hu\/wp-content\/uploads\/2024\/03\/DSC_0690-300x225.jpg\" class=\"attachment-medium size-medium wp-image-2778\" alt=\"\" srcset=\"https:\/\/trimagusjudose.hu\/wp-content\/uploads\/2024\/03\/DSC_0690-300x225.jpg 300w, https:\/\/trimagusjudose.hu\/wp-content\/uploads\/2024\/03\/DSC_0690-1024x768.jpg 1024w, https:\/\/trimagusjudose.hu\/wp-content\/uploads\/2024\/03\/DSC_0690-768x576.jpg 768w, https:\/\/trimagusjudose.hu\/wp-content\/uploads\/2024\/03\/DSC_0690-1536x1152.jpg 1536w, https:\/\/trimagusjudose.hu\/wp-content\/uploads\/2024\/03\/DSC_0690-2048x1536.jpg 2048w\" sizes=\"(max-width: 300px) 100vw, 300px\" \/>\t\t\t\t\t\t\t\t\t\t\t\t\t\t\t<\/div>\n\t\t\t\t<\/div>\n\t\t\t\t<div class=\"elementor-element elementor-element-a0e7e90 elementor-widget__width-inherit elementor-widget elementor-widget-text-editor\" data-id=\"a0e7e90\" data-element_type=\"widget\" data-widget_type=\"text-editor.default\">\n\t\t\t\t<div class=\"elementor-widget-container\">\n\t\t\t\t\t\t\t\t\t<p>Kedves Sz\u00fcl\u0151k \u00e9s Gyerekek!<\/p><p>Ez\u00faton \u00e9rtes\u00edt\u00fcnk, hogy egyes\u00fclet\u00fcnk hagyom\u00e1nyos edz\u0151t\u00e1bor\u00e1t Budapesten a Sasaki \u00d3buda Dojo Sportcentrumban tartjuk.<\/p><p>K\u00e9rlek gyertek min\u00e9l t\u00f6bben! Sokan vannak, akik m\u00e9g nem voltak egy ilyen \u00f6sszetart\u00e1son sem, pedig minden r\u00e9sztvev\u0151 nagyon j\u00f3l szokta mag\u00e1t \u00e9rezni. R\u00e1ad\u00e1sul a t\u00e1borokban van lehet\u0151s\u00e9g a megszerzett tud\u00e1sr\u00f3l sz\u00e1mot adni.<br \/>Itt lehet \u00f6vvizsg\u00e1zni!<\/p>\t\t\t\t\t\t\t\t<\/div>\n\t\t\t\t<\/div>\n\t\t\t\t\t<\/div>\n\t\t<\/div>\n\t\t\t\t\t<\/div>\n\t\t<\/section>\n\t\t\t\t<section class=\"elementor-section elementor-top-section elementor-element elementor-element-efc88d9 elementor-section-boxed elementor-section-height-default elementor-section-height-default\" data-id=\"efc88d9\" data-element_type=\"section\">\n\t\t\t\t\t\t<div class=\"elementor-container elementor-column-gap-default\">\n\t\t\t\t\t<div class=\"elementor-column elementor-col-100 elementor-top-column elementor-element elementor-element-073a780\" data-id=\"073a780\" data-element_type=\"column\">\n\t\t\t<div class=\"elementor-widget-wrap elementor-element-populated\">\n\t\t\t\t\t\t<div class=\"elementor-element elementor-element-84bab6d elementor-widget-mobile__width-initial elementor-view-default elementor-widget elementor-widget-icon\" data-id=\"84bab6d\" data-element_type=\"widget\" data-widget_type=\"icon.default\">\n\t\t\t\t<div class=\"elementor-widget-container\">\n\t\t\t\t\t\t\t<div class=\"elementor-icon-wrapper\">\n\t\t\t<div class=\"elementor-icon\">\n\t\t\t<i aria-hidden=\"true\" class=\"fas fa-map-marker-alt\"><\/i>\t\t\t<\/div>\n\t\t<\/div>\n\t\t\t\t\t\t<\/div>\n\t\t\t\t<\/div>\n\t\t\t\t<div class=\"elementor-element elementor-element-49adbb9 elementor-widget__width-inherit elementor-widget-mobile__width-initial elementor-widget elementor-widget-text-editor\" data-id=\"49adbb9\" data-element_type=\"widget\" data-widget_type=\"text-editor.default\">\n\t\t\t\t<div class=\"elementor-widget-container\">\n\t\t\t\t\t\t\t\t\t<p>Sasaki \u00d3buda Dojo Sportcentrum<\/p><p>1037 Budapest, Farkastorki \u00fat 21.<\/p>\t\t\t\t\t\t\t\t<\/div>\n\t\t\t\t<\/div>\n\t\t\t\t<div class=\"elementor-element elementor-element-f083aa7 elementor-widget__width-inherit elementor-widget elementor-widget-text-editor\" data-id=\"f083aa7\" data-element_type=\"widget\" data-widget_type=\"text-editor.default\">\n\t\t\t\t<div class=\"elementor-widget-container\">\n\t\t\t\t\t\t\t\t\t<p>Az edz\u0151t\u00e1bor c\u00e9lja, hogy a gyermekek felk\u00e9sz\u00fclts\u00e9ge, eg\u00e9szs\u00e9ge, ereje, \u00e1ll\u00f3k\u00e9pess\u00e9ge a rendszeres edz\u00e9sek hat\u00e1s\u00e1ra n\u00f6vekedj\u00e9k.<\/p><p>A Dojo saj\u00e1tos hangulat\u00e1ban fegyelmezettebben viselkedjenek.<\/p><p>Nagy l\u00e9tsz\u00e1m\u00fa, v\u00e1ltozatos partnerrel edzhessenek.<\/p><p>Az edz\u0151t\u00e1bor v\u00e9g\u00e9n, az utols\u00f3 nap d\u00e9lut\u00e1nj\u00e1n m\u00e1r nincs edz\u00e9s, helyette 14h-t\u00f3l \u00f6vvizsg\u00e1t tartunk.<\/p>\t\t\t\t\t\t\t\t<\/div>\n\t\t\t\t<\/div>\n\t\t\t\t\t<\/div>\n\t\t<\/div>\n\t\t\t\t\t<\/div>\n\t\t<\/section>\n\t\t\t\t<section class=\"elementor-section elementor-top-section elementor-element elementor-element-4b15caa elementor-section-boxed elementor-section-height-default elementor-section-height-default\" data-id=\"4b15caa\" data-element_type=\"section\">\n\t\t\t\t\t\t<div class=\"elementor-container elementor-column-gap-default\">\n\t\t\t\t\t<div class=\"elementor-column elementor-col-100 elementor-top-column elementor-element elementor-element-bad392b\" data-id=\"bad392b\" data-element_type=\"column\">\n\t\t\t<div class=\"elementor-widget-wrap elementor-element-populated\">\n\t\t\t\t\t\t<div class=\"elementor-element elementor-element-3d50579 elementor-widget-mobile__width-initial elementor-view-default elementor-widget elementor-widget-icon\" data-id=\"3d50579\" data-element_type=\"widget\" data-widget_type=\"icon.default\">\n\t\t\t\t<div class=\"elementor-widget-container\">\n\t\t\t\t\t\t\t<div class=\"elementor-icon-wrapper\">\n\t\t\t<div class=\"elementor-icon\">\n\t\t\t<i aria-hidden=\"true\" class=\"far fa-list-alt\"><\/i>\t\t\t<\/div>\n\t\t<\/div>\n\t\t\t\t\t\t<\/div>\n\t\t\t\t<\/div>\n\t\t\t\t<div class=\"elementor-element elementor-element-85c6880 elementor-widget__width-inherit elementor-widget-mobile__width-initial elementor-widget elementor-widget-text-editor\" data-id=\"85c6880\" data-element_type=\"widget\" data-widget_type=\"text-editor.default\">\n\t\t\t\t<div class=\"elementor-widget-container\">\n\t\t\t\t\t\t\t\t\t<p>program<\/p>\t\t\t\t\t\t\t\t<\/div>\n\t\t\t\t<\/div>\n\t\t\t\t<div class=\"elementor-element elementor-element-e2d716b elementor-widget__width-inherit elementor-widget elementor-widget-text-editor\" data-id=\"e2d716b\" data-element_type=\"widget\" data-widget_type=\"text-editor.default\">\n\t\t\t\t<div class=\"elementor-widget-container\">\n\t\t\t\t\t\t\t\t\t<p>9.00-10.00\u00a0 fut\u00e1s a szabadban<\/p><p>10.00-12.00 judo edz\u00e9s &#8211; er\u0151s\u00edt\u00e9s<\/p><p>12.00-14.00 eb\u00e9d &#8211; csendespihen\u0151<\/p><p>14.00-15.00 elm\u00e9let<\/p><p>15.00-17.00 judo edz\u00e9s<\/p>\t\t\t\t\t\t\t\t<\/div>\n\t\t\t\t<\/div>\n\t\t\t\t\t<\/div>\n\t\t<\/div>\n\t\t\t\t\t<\/div>\n\t\t<\/section>\n\t\t\t\t<section class=\"elementor-section elementor-top-section elementor-element elementor-element-436f63a elementor-section-boxed elementor-section-height-default elementor-section-height-default\" data-id=\"436f63a\" data-element_type=\"section\">\n\t\t\t\t\t\t<div class=\"elementor-container elementor-column-gap-default\">\n\t\t\t\t\t<div class=\"elementor-column elementor-col-100 elementor-top-column elementor-element elementor-element-88262c1\" data-id=\"88262c1\" data-element_type=\"column\">\n\t\t\t<div class=\"elementor-widget-wrap elementor-element-populated\">\n\t\t\t\t\t\t<div class=\"elementor-element elementor-element-397213e elementor-widget-mobile__width-initial elementor-view-default elementor-widget elementor-widget-icon\" data-id=\"397213e\" data-element_type=\"widget\" data-widget_type=\"icon.default\">\n\t\t\t\t<div class=\"elementor-widget-container\">\n\t\t\t\t\t\t\t<div class=\"elementor-icon-wrapper\">\n\t\t\t<div class=\"elementor-icon\">\n\t\t\t<i aria-hidden=\"true\" class=\"fas fa-shoe-prints\"><\/i>\t\t\t<\/div>\n\t\t<\/div>\n\t\t\t\t\t\t<\/div>\n\t\t\t\t<\/div>\n\t\t\t\t<div class=\"elementor-element elementor-element-67ed41a elementor-widget__width-inherit elementor-widget-mobile__width-initial elementor-widget elementor-widget-text-editor\" data-id=\"67ed41a\" data-element_type=\"widget\" data-widget_type=\"text-editor.default\">\n\t\t\t\t<div class=\"elementor-widget-container\">\n\t\t\t\t\t\t\t\t\t<p>felszerel\u00e9s<\/p>\t\t\t\t\t\t\t\t<\/div>\n\t\t\t\t<\/div>\n\t\t\t\t<div class=\"elementor-element elementor-element-b061cdd elementor-widget__width-inherit elementor-widget elementor-widget-text-editor\" data-id=\"b061cdd\" data-element_type=\"widget\" data-widget_type=\"text-editor.default\">\n\t\t\t\t<div class=\"elementor-widget-container\">\n\t\t\t\t\t\t\t\t\t<p>Sz\u00fcks\u00e9ges felszerel\u00e9s: fut\u00f3cip\u0151, meleg\u00edt\u0151, judogi, papucs !!!, tiszt\u00e1lkod\u00e1si csomag.<\/p><p>Szendvics-ital napk\u00f6zbenre nem \u00e1rt.<\/p>\t\t\t\t\t\t\t\t<\/div>\n\t\t\t\t<\/div>\n\t\t\t\t\t<\/div>\n\t\t<\/div>\n\t\t\t\t\t<\/div>\n\t\t<\/section>\n\t\t\t\t<section class=\"elementor-section elementor-top-section elementor-element elementor-element-f295c68 elementor-section-boxed elementor-section-height-default elementor-section-height-default\" data-id=\"f295c68\" data-element_type=\"section\">\n\t\t\t\t\t\t<div class=\"elementor-container elementor-column-gap-default\">\n\t\t\t\t\t<div class=\"elementor-column elementor-col-100 elementor-top-column elementor-element elementor-element-eac5a05\" data-id=\"eac5a05\" data-element_type=\"column\">\n\t\t\t<div class=\"elementor-widget-wrap elementor-element-populated\">\n\t\t\t\t\t\t<div class=\"elementor-element elementor-element-5eed988 elementor-widget-mobile__width-initial elementor-view-default elementor-widget elementor-widget-icon\" data-id=\"5eed988\" data-element_type=\"widget\" data-widget_type=\"icon.default\">\n\t\t\t\t<div class=\"elementor-widget-container\">\n\t\t\t\t\t\t\t<div class=\"elementor-icon-wrapper\">\n\t\t\t<div class=\"elementor-icon\">\n\t\t\t<i aria-hidden=\"true\" class=\"fas fa-user\"><\/i>\t\t\t<\/div>\n\t\t<\/div>\n\t\t\t\t\t\t<\/div>\n\t\t\t\t<\/div>\n\t\t\t\t<div class=\"elementor-element elementor-element-6f913fb elementor-widget__width-inherit elementor-widget-mobile__width-initial elementor-widget elementor-widget-text-editor\" data-id=\"6f913fb\" data-element_type=\"widget\" data-widget_type=\"text-editor.default\">\n\t\t\t\t<div class=\"elementor-widget-container\">\n\t\t\t\t\t\t\t\t\t<p>edz\u0151k<\/p>\t\t\t\t\t\t\t\t<\/div>\n\t\t\t\t<\/div>\n\t\t\t\t<div class=\"elementor-element elementor-element-63db10a elementor-widget__width-inherit elementor-widget elementor-widget-text-editor\" data-id=\"63db10a\" data-element_type=\"widget\" data-widget_type=\"text-editor.default\">\n\t\t\t\t<div class=\"elementor-widget-container\">\n\t\t\t\t\t\t\t\t\t<p>Tuncsik Zsolt IV. Dan<\/p><p>St\u00e9hl G\u00e1bor I. Dan<\/p><p>Holup Marcell I. Dan<\/p><p>\u00a0<\/p>\t\t\t\t\t\t\t\t<\/div>\n\t\t\t\t<\/div>\n\t\t\t\t\t<\/div>\n\t\t<\/div>\n\t\t\t\t\t<\/div>\n\t\t<\/section>\n\t\t\t\t<\/div>\n\t\t","protected":false},"excerpt":{"rendered":"<p>judo t\u00e1borok az iskolai sz\u00fcnetekben tavaszi t\u00e1bor 2026. \u00e1prilis 7.-10. Kedves Sz\u00fcl\u0151k \u00e9s Gyerekek! Ez\u00faton \u00e9rtes\u00edt\u00fcnk, hogy egyes\u00fclet\u00fcnk hagyom\u00e1nyos edz\u0151t\u00e1bor\u00e1t Budapesten a Sasaki \u00d3buda Dojo Sportcentrumban tartjuk. K\u00e9rlek gyertek min\u00e9l t\u00f6bben! Sokan vannak, akik m\u00e9g nem voltak egy ilyen \u00f6sszetart\u00e1son sem, pedig minden r\u00e9sztvev\u0151 nagyon j\u00f3l szokta mag\u00e1t \u00e9rezni. R\u00e1ad\u00e1sul a t\u00e1borokban van lehet\u0151s\u00e9g a [&hellip;]<\/p>\n","protected":false},"author":2,"featured_media":0,"parent":0,"menu_order":0,"comment_status":"closed","ping_status":"closed","template":"","meta":{"inline_featured_image":false,"footnotes":""},"class_list":["post-2172","page","type-page","status-publish","hentry"],"_links":{"self":[{"href":"https:\/\/trimagusjudose.hu\/index.php?rest_route=\/wp\/v2\/pages\/2172","targetHints":{"allow":["GET"]}}],"collection":[{"href":"https:\/\/trimagusjudose.hu\/index.php?rest_route=\/wp\/v2\/pages"}],"about":[{"href":"https:\/\/trimagusjudose.hu\/index.php?rest_route=\/wp\/v2\/types\/page"}],"author":[{"embeddable":true,"href":"https:\/\/trimagusjudose.hu\/index.php?rest_route=\/wp\/v2\/users\/2"}],"replies":[{"embeddable":true,"href":"https:\/\/trimagusjudose.hu\/index.php?rest_route=%2Fwp%2Fv2%2Fcomments&post=2172"}],"version-history":[{"count":62,"href":"https:\/\/trimagusjudose.hu\/index.php?rest_route=\/wp\/v2\/pages\/2172\/revisions"}],"predecessor-version":[{"id":3443,"href":"https:\/\/trimagusjudose.hu\/index.php?rest_route=\/wp\/v2\/pages\/2172\/revisions\/3443"}],"wp:attachment":[{"href":"https:\/\/trimagusjudose.hu\/index.php?rest_route=%2Fwp%2Fv2%2Fmedia&parent=2172"}],"curies":[{"name":"wp","href":"https:\/\/api.w.org\/{rel}","templated":true}]}}