{"id":2174,"date":"2024-03-13T15:43:12","date_gmt":"2024-03-13T15:43:12","guid":{"rendered":"https:\/\/trimagusjudose.hu\/?page_id=2174"},"modified":"2026-03-04T09:47:17","modified_gmt":"2026-03-04T09:47:17","slug":"nyari-judo-taborok","status":"publish","type":"page","link":"https:\/\/trimagusjudose.hu\/?page_id=2174","title":{"rendered":"ny\u00e1ri judo t\u00e1borok"},"content":{"rendered":"\t\t<div data-elementor-type=\"wp-page\" data-elementor-id=\"2174\" class=\"elementor elementor-2174\">\n\t\t\t\t\t\t<section class=\"elementor-section elementor-top-section elementor-element elementor-element-98ac09a elementor-section-boxed elementor-section-height-default elementor-section-height-default\" data-id=\"98ac09a\" data-element_type=\"section\">\n\t\t\t\t\t\t<div class=\"elementor-container elementor-column-gap-default\">\n\t\t\t\t\t<div class=\"elementor-column elementor-col-100 elementor-top-column elementor-element elementor-element-b7e178d\" data-id=\"b7e178d\" data-element_type=\"column\">\n\t\t\t<div class=\"elementor-widget-wrap elementor-element-populated\">\n\t\t\t\t\t\t<div class=\"elementor-element elementor-element-722294b elementor-widget elementor-widget-heading\" data-id=\"722294b\" data-element_type=\"widget\" data-widget_type=\"heading.default\">\n\t\t\t\t<div class=\"elementor-widget-container\">\n\t\t\t\t\t<h2 class=\"elementor-heading-title elementor-size-default\">ny\u00e1ri judo t\u00e1bor<\/h2>\t\t\t\t<\/div>\n\t\t\t\t<\/div>\n\t\t\t\t\t<\/div>\n\t\t<\/div>\n\t\t\t\t\t<\/div>\n\t\t<\/section>\n\t\t\t\t<section class=\"elementor-section elementor-top-section elementor-element elementor-element-955ff45 elementor-section-boxed elementor-section-height-default elementor-section-height-default\" data-id=\"955ff45\" data-element_type=\"section\">\n\t\t\t\t\t\t<div class=\"elementor-container elementor-column-gap-default\">\n\t\t\t\t\t<div class=\"elementor-column elementor-col-100 elementor-top-column elementor-element elementor-element-c2029e9\" data-id=\"c2029e9\" data-element_type=\"column\">\n\t\t\t<div class=\"elementor-widget-wrap elementor-element-populated\">\n\t\t\t\t\t\t<div class=\"elementor-element elementor-element-32014ac elementor-widget-mobile__width-initial elementor-view-default elementor-widget elementor-widget-icon\" data-id=\"32014ac\" data-element_type=\"widget\" data-widget_type=\"icon.default\">\n\t\t\t\t<div class=\"elementor-widget-container\">\n\t\t\t\t\t\t\t<div class=\"elementor-icon-wrapper\">\n\t\t\t<div class=\"elementor-icon\">\n\t\t\t<i aria-hidden=\"true\" class=\"fas fa-sun\"><\/i>\t\t\t<\/div>\n\t\t<\/div>\n\t\t\t\t\t\t<\/div>\n\t\t\t\t<\/div>\n\t\t\t\t<div class=\"elementor-element elementor-element-b3de5a8 elementor-widget__width-inherit elementor-widget-mobile__width-initial elementor-widget elementor-widget-text-editor\" data-id=\"b3de5a8\" data-element_type=\"widget\" data-widget_type=\"text-editor.default\">\n\t\t\t\t<div class=\"elementor-widget-container\">\n\t\t\t\t\t\t\t\t\t<p><span style=\"color: var( --e-global-color-primary ); background-color: var( --e-global-color-262934a );\"><span style=\"vertical-align: inherit;\"><span style=\"vertical-align: inherit;\">2026. j\u00falius 27 &#8211; augusztus 01.<\/span><\/span><\/span><\/p><p><span style=\"color: var( --e-global-color-primary ); background-color: var( --e-global-color-262934a );\"><span style=\"vertical-align: inherit;\"><span style=\"vertical-align: inherit;\">J\u00e1szboldogh\u00e1za<\/span><\/span><\/span><\/p>\t\t\t\t\t\t\t\t<\/div>\n\t\t\t\t<\/div>\n\t\t\t\t<div class=\"elementor-element elementor-element-9b5be6f elementor-widget elementor-widget-image\" data-id=\"9b5be6f\" data-element_type=\"widget\" data-widget_type=\"image.default\">\n\t\t\t\t<div class=\"elementor-widget-container\">\n\t\t\t\t\t\t\t\t\t\t\t\t\t\t\t<img fetchpriority=\"high\" decoding=\"async\" width=\"300\" height=\"225\" src=\"https:\/\/trimagusjudose.hu\/wp-content\/uploads\/2024\/03\/image-1d728c8a7fed52b1150c07e9a6f49aabdbf4683686d282ec9e8d27b782bbfa2d-V-300x225.jpg\" class=\"attachment-medium size-medium wp-image-1996\" alt=\"\" srcset=\"https:\/\/trimagusjudose.hu\/wp-content\/uploads\/2024\/03\/image-1d728c8a7fed52b1150c07e9a6f49aabdbf4683686d282ec9e8d27b782bbfa2d-V-300x225.jpg 300w, https:\/\/trimagusjudose.hu\/wp-content\/uploads\/2024\/03\/image-1d728c8a7fed52b1150c07e9a6f49aabdbf4683686d282ec9e8d27b782bbfa2d-V-768x577.jpg 768w, https:\/\/trimagusjudose.hu\/wp-content\/uploads\/2024\/03\/image-1d728c8a7fed52b1150c07e9a6f49aabdbf4683686d282ec9e8d27b782bbfa2d-V.jpg 852w\" sizes=\"(max-width: 300px) 100vw, 300px\" \/>\t\t\t\t\t\t\t\t\t\t\t\t\t\t\t<\/div>\n\t\t\t\t<\/div>\n\t\t\t\t<div class=\"elementor-element elementor-element-009ac50 elementor-widget__width-inherit elementor-widget elementor-widget-text-editor\" data-id=\"009ac50\" data-element_type=\"widget\" data-widget_type=\"text-editor.default\">\n\t\t\t\t<div class=\"elementor-widget-container\">\n\t\t\t\t\t\t\t\t\t<div dir=\"auto\"><span style=\"vertical-align: inherit;\"><span style=\"vertical-align: inherit;\">Jelentkez\u00e9s mihamarabb, de legk\u00e9s\u0151bb m\u00e1jus 15.-ig<\/span><\/span><\/div><div dir=\"auto\"><span style=\"vertical-align: inherit;\"><span style=\"vertical-align: inherit;\">Befizet\u00e9s j\u00fanius 14.-ig<\/span><\/span><\/div><div dir=\"auto\">A sz\u00e1ll\u00e1shelyeket a befizet\u00e9sek sorrendj\u00e9ben t\u00f6ltj\u00fck fel!<\/div><div dir=\"auto\">\u00a0<\/div><div dir=\"auto\"><span style=\"vertical-align: inherit;\"><span style=\"vertical-align: inherit;\">Leutaz\u00e1s: j\u00falius 27. b\u00e9relt busszal, k\u00f6z\u00f6sen.\u00a0<\/span><\/span><\/div><div dir=\"auto\"><span style=\"vertical-align: inherit;\"><span style=\"vertical-align: inherit;\">Hazautaz\u00e1s szombaton d\u00e9lt\u00e1jban egy\u00e9nileg, azaz k\u00e9rj\u00fck a sz\u00fcl\u0151ket, j\u00f6jjenek le a gyerekek\u00e9rt. Telekocsik szervez\u00e9s\u00e9ben seg\u00edt\u00fcnk.<\/span><\/span><\/div><div dir=\"auto\">\u00a0<\/div><div dir=\"auto\"><span style=\"vertical-align: inherit;\"><span style=\"vertical-align: inherit;\">Sz\u00e1ll\u00e1s 6db. 6 szem\u00e9lyes teljesen felszerelt apartmanban, esetleges t\u00faljelentkez\u00e9s eset\u00e9n a nagyok s\u00e1trakban.<\/span><\/span><\/div><div dir=\"auto\"><span style=\"vertical-align: inherit;\"><span style=\"vertical-align: inherit;\">Napi 3x \u00e9tkez\u00e9s, az els\u0151 a h\u00e9tf\u0151i eb\u00e9d.<\/span><\/span><\/div><div dir=\"auto\"><span style=\"vertical-align: inherit;\"><span style=\"vertical-align: inherit;\">Sz\u00fcks\u00e9ges felszerel\u00e9s: Minim\u00e1lis zsebp\u00e9nz\u00a0<\/span><\/span><\/div><div dir=\"auto\"><span style=\"vertical-align: inherit;\"><span style=\"vertical-align: inherit;\">Judo ruha, t\u00f6r\u00f6lk\u00f6z\u0151k, f\u00fcrd\u0151ruha, papucs, pizsama, tiszt\u00e1lkod\u00e1si csomag, tr\u00e9ning ruha, <\/span><\/span><b><span style=\"vertical-align: inherit;\"><span style=\"vertical-align: inherit;\">fut\u00f3cip\u0151<\/span><\/span><\/b><span style=\"vertical-align: inherit;\"><span style=\"vertical-align: inherit;\"> , fut\u00f3 ruha, r\u00f6vidnadr\u00e1g, napi v\u00e1lt\u00f3 feh\u00e9rnem\u0171, sz\u00fanyog riaszt\u00f3 spray, naptej, stb&#8230;<\/span><\/span><\/div><div dir=\"auto\"><span style=\"vertical-align: inherit;\"><span style=\"vertical-align: inherit;\">Program:<\/span><\/span><\/div><div dir=\"auto\"><span style=\"vertical-align: inherit;\"><span style=\"vertical-align: inherit;\">6.45 \u00e9breszt\u0151,<\/span><\/span><\/div><div dir=\"auto\"><span style=\"vertical-align: inherit;\"><span style=\"vertical-align: inherit;\">7.30-8.30 fut\u00f3 edz\u00e9s a versenyz\u0151knek<\/span><\/span><\/div><div dir=\"auto\"><span style=\"vertical-align: inherit;\"><span style=\"vertical-align: inherit;\">9.00-9.30 reggeli<\/span><\/span><\/div><div dir=\"auto\"><span style=\"vertical-align: inherit;\"><span style=\"vertical-align: inherit;\">10.30-12.30 d\u00e9lel\u0151tti judo edz\u00e9s<\/span><\/span><\/div><div dir=\"auto\"><span style=\"vertical-align: inherit;\"><span style=\"vertical-align: inherit;\">13.00-13.30 eb\u00e9d<\/span><\/span><\/div><div dir=\"auto\"><span style=\"vertical-align: inherit;\"><span style=\"vertical-align: inherit;\">14.30-17.00 pihen\u0151 \/ strand \/ szabad program<\/span><\/span><\/div><div dir=\"auto\"><span style=\"vertical-align: inherit;\"><span style=\"vertical-align: inherit;\">17.00-19.00 d\u00e9lut\u00e1ni judo edz\u00e9s<\/span><\/span><\/div><div dir=\"auto\"><span style=\"vertical-align: inherit;\"><span style=\"vertical-align: inherit;\">20.00-20.30 vacsora<\/span><\/span><\/div><div dir=\"auto\"><span style=\"vertical-align: inherit;\"><span style=\"vertical-align: inherit;\">20.45-22.15 kertmozi, mini diszk\u00f3, vet\u00e9lked\u0151k, illetve a versenyz\u0151knek kondicion\u00e1l\u00f3 edz\u00e9s<\/span><\/span><\/div><div dir=\"auto\"><span style=\"vertical-align: inherit;\"><span style=\"vertical-align: inherit;\">22.30 villanyolt\u00e1s<\/span><\/span><\/div><div dir=\"auto\"><span style=\"vertical-align: inherit;\"><span style=\"vertical-align: inherit;\">22.55 mobilokat is letenni v\u00e9gre!<\/span><\/span><\/div><div dir=\"auto\">\u00a0<\/div><div dir=\"auto\">\u00a0<\/div><div dir=\"auto\">\u00a0<\/div><div dir=\"auto\">\u00a0<\/div>\t\t\t\t\t\t\t\t<\/div>\n\t\t\t\t<\/div>\n\t\t\t\t\t<\/div>\n\t\t<\/div>\n\t\t\t\t\t<\/div>\n\t\t<\/section>\n\t\t\t\t<\/div>\n\t\t","protected":false},"excerpt":{"rendered":"<p>ny\u00e1ri judo t\u00e1bor 2026. j\u00falius 27 &#8211; augusztus 01. J\u00e1szboldogh\u00e1za Jelentkez\u00e9s mihamarabb, de legk\u00e9s\u0151bb m\u00e1jus 15.-igBefizet\u00e9s j\u00fanius 14.-igA sz\u00e1ll\u00e1shelyeket a befizet\u00e9sek sorrendj\u00e9ben t\u00f6ltj\u00fck fel!\u00a0Leutaz\u00e1s: j\u00falius 27. b\u00e9relt busszal, k\u00f6z\u00f6sen.\u00a0Hazautaz\u00e1s szombaton d\u00e9lt\u00e1jban egy\u00e9nileg, azaz k\u00e9rj\u00fck a sz\u00fcl\u0151ket, j\u00f6jjenek le a gyerekek\u00e9rt. Telekocsik szervez\u00e9s\u00e9ben seg\u00edt\u00fcnk.\u00a0Sz\u00e1ll\u00e1s 6db. 6 szem\u00e9lyes teljesen felszerelt apartmanban, esetleges t\u00faljelentkez\u00e9s eset\u00e9n a nagyok s\u00e1trakban.Napi [&hellip;]<\/p>\n","protected":false},"author":2,"featured_media":0,"parent":0,"menu_order":0,"comment_status":"closed","ping_status":"closed","template":"","meta":{"inline_featured_image":false,"footnotes":""},"class_list":["post-2174","page","type-page","status-publish","hentry"],"_links":{"self":[{"href":"https:\/\/trimagusjudose.hu\/index.php?rest_route=\/wp\/v2\/pages\/2174","targetHints":{"allow":["GET"]}}],"collection":[{"href":"https:\/\/trimagusjudose.hu\/index.php?rest_route=\/wp\/v2\/pages"}],"about":[{"href":"https:\/\/trimagusjudose.hu\/index.php?rest_route=\/wp\/v2\/types\/page"}],"author":[{"embeddable":true,"href":"https:\/\/trimagusjudose.hu\/index.php?rest_route=\/wp\/v2\/users\/2"}],"replies":[{"embeddable":true,"href":"https:\/\/trimagusjudose.hu\/index.php?rest_route=%2Fwp%2Fv2%2Fcomments&post=2174"}],"version-history":[{"count":34,"href":"https:\/\/trimagusjudose.hu\/index.php?rest_route=\/wp\/v2\/pages\/2174\/revisions"}],"predecessor-version":[{"id":3446,"href":"https:\/\/trimagusjudose.hu\/index.php?rest_route=\/wp\/v2\/pages\/2174\/revisions\/3446"}],"wp:attachment":[{"href":"https:\/\/trimagusjudose.hu\/index.php?rest_route=%2Fwp%2Fv2%2Fmedia&parent=2174"}],"curies":[{"name":"wp","href":"https:\/\/api.w.org\/{rel}","templated":true}]}}